{"id":469,"date":"2025-11-26T15:32:09","date_gmt":"2025-11-26T15:32:09","guid":{"rendered":"https:\/\/duomoflorence-tickets.com\/?page_id=469"},"modified":"2025-11-26T15:57:13","modified_gmt":"2025-11-26T15:57:13","slug":"politica-de-privacidade-cookies","status":"publish","type":"page","link":"https:\/\/duomoflorence-tickets.com\/pt\/privacy-cookies-policy\/","title":{"rendered":"Pol\u00edtica de privacidade e de cookies"},"content":{"rendered":"<div data-elementor-type=\"wp-page\" data-elementor-id=\"469\" class=\"elementor elementor-469\">\n\t\t\t\t<div class=\"elementor-element elementor-element-f47487b e-flex e-con-boxed e-con e-parent\" data-id=\"f47487b\" data-element_type=\"container\" data-e-type=\"container\" data-settings=\"{&quot;background_background&quot;:&quot;classic&quot;}\">\n\t\t\t\t\t<div class=\"e-con-inner\">\n\t\t\t\t<div class=\"elementor-element elementor-element-c16a721 elementor-widget elementor-widget-heading\" data-id=\"c16a721\" data-element_type=\"widget\" data-e-type=\"widget\" data-widget_type=\"heading.default\">\n\t\t\t\t\t<h2 class=\"elementor-heading-title elementor-size-default\">Pol\u00edtica de privacidade e de cookies<\/h2>\t\t\t\t<\/div>\n\t\t\t\t\t<\/div>\n\t\t\t\t<\/div>\n\t\t<div class=\"elementor-element elementor-element-33bbcef e-flex e-con-boxed e-con e-parent\" data-id=\"33bbcef\" data-element_type=\"container\" data-e-type=\"container\">\n\t\t\t\t\t<div class=\"e-con-inner\">\n\t\t\t\t<div class=\"elementor-element elementor-element-1a2bd92 elementor-widget elementor-widget-text-editor\" data-id=\"1a2bd92\" data-element_type=\"widget\" data-e-type=\"widget\" data-widget_type=\"text-editor.default\">\n\t\t\t\t\t\t\t\t\t<div class=\"elementor-element elementor-element-60be2500 elementor-widget elementor-widget-text-editor\" data-id=\"60be2500\" data-element_type=\"widget\" data-widget_type=\"text-editor.default\"><div class=\"elementor-widget-container\"><div><p class=\"has-text-align-justify\">A sua privacidade \u00e9 importante. \u00c9 pol\u00edtica de privacidade e de cookies do s\u00edtio Web www.duomoflorence-tickets.com respeitar a sua privacidade em rela\u00e7\u00e3o a qualquer informa\u00e7\u00e3o que possa ser recolhida no s\u00edtio Web.<\/p><\/div><div><p class=\"has-text-align-justify\">As informa\u00e7\u00f5es pessoais s\u00f3 s\u00e3o solicitadas quando s\u00e3o realmente necess\u00e1rias para lhe prestar um servi\u00e7o. Este pedido \u00e9 efectuado atrav\u00e9s de meios justos e legais, com o seu conhecimento e consentimento. Tamb\u00e9m o informamos da raz\u00e3o pela qual essas informa\u00e7\u00f5es s\u00e3o recolhidas e da forma como ser\u00e3o utilizadas.<\/p><\/div><div><p class=\"has-text-align-justify\">As informa\u00e7\u00f5es recolhidas s\u00e3o conservadas apenas durante o tempo necess\u00e1rio para prestar o servi\u00e7o solicitado. Quando os dados s\u00e3o armazenados, s\u00e3o protegidos utilizando meios comercialmente aceit\u00e1veis para evitar perdas e roubos, bem como acesso, divulga\u00e7\u00e3o, c\u00f3pia, utiliza\u00e7\u00e3o ou modifica\u00e7\u00e3o n\u00e3o autorizados.<\/p><\/div><div><p class=\"has-text-align-justify\">As informa\u00e7\u00f5es de identifica\u00e7\u00e3o pessoal n\u00e3o s\u00e3o partilhadas publicamente ou com terceiros, exceto quando exigido por lei.<\/p><\/div><div><p class=\"has-text-align-justify\">Este s\u00edtio Web pode conter liga\u00e7\u00f5es a s\u00edtios Web externos que n\u00e3o s\u00e3o geridos por n\u00f3s. Tenha em aten\u00e7\u00e3o que o s\u00edtio Web www.duomoflorence-tickets.com n\u00e3o tem qualquer controlo sobre o conte\u00fado e as pr\u00e1ticas desses s\u00edtios Web e n\u00e3o pode aceitar a responsabilidade pelas respectivas pol\u00edticas de privacidade.<\/p><\/div><div><p class=\"has-text-align-justify\">O utilizador \u00e9 livre de recusar o fornecimento das informa\u00e7\u00f5es pessoais solicitadas, compreendendo que alguns dos servi\u00e7os pretendidos poder\u00e3o n\u00e3o ser fornecidos.<\/p><\/div><div><p class=\"has-text-align-justify\">A utiliza\u00e7\u00e3o continuada deste s\u00edtio Web ser\u00e1 considerada como uma aceita\u00e7\u00e3o das pr\u00e1ticas relativas \u00e0 privacidade e \u00e0s informa\u00e7\u00f5es pessoais. Se tiver alguma d\u00favida sobre a forma como os dados do utilizador e as informa\u00e7\u00f5es pessoais s\u00e3o geridos, ou sobre a nossa pol\u00edtica de privacidade em geral, por favor<span class=\"apple-converted-space\">\u00a0<\/span>contacte-nos em\u00a0<a href=\"mailto:info@duomoflorence-tickets.com\">info@duomoflorence-tickets.com<\/a>.<\/p><\/div><\/div><\/div><div class=\"elementor-element elementor-element-355b9a8c elementor-widget elementor-widget-spacer\" data-id=\"355b9a8c\" data-element_type=\"widget\" data-widget_type=\"spacer.default\"><div class=\"elementor-widget-container\"><div class=\"elementor-spacer\">\u00a0<\/div><\/div><\/div>\t\t\t\t\t\t\t\t<\/div>\n\t\t\t\t\t<\/div>\n\t\t\t\t<\/div>\n\t\t<div class=\"elementor-element elementor-element-6d20738 e-flex e-con-boxed e-con e-parent\" data-id=\"6d20738\" data-element_type=\"container\" data-e-type=\"container\">\n\t\t\t\t\t<div class=\"e-con-inner\">\n\t\t\t\t<div class=\"elementor-element elementor-element-df5cc4f elementor-widget elementor-widget-heading\" data-id=\"df5cc4f\" data-element_type=\"widget\" data-e-type=\"widget\" data-widget_type=\"heading.default\">\n\t\t\t\t\t<h5 class=\"elementor-heading-title elementor-size-default\">Que dados pessoais s\u00e3o recolhidos e porqu\u00ea<\/h5>\t\t\t\t<\/div>\n\t\t\t\t<div class=\"elementor-element elementor-element-44dfdde elementor-widget elementor-widget-text-editor\" data-id=\"44dfdde\" data-element_type=\"widget\" data-e-type=\"widget\" data-widget_type=\"text-editor.default\">\n\t\t\t\t\t\t\t\t\t<div class=\"elementor-element elementor-element-7a5c89c3 elementor-widget elementor-widget-text-editor\" data-id=\"7a5c89c3\" data-element_type=\"widget\" data-widget_type=\"text-editor.default\"><div class=\"elementor-widget-container\"><p><span>Os dados pessoais n\u00e3o s\u00e3o criados apenas pela intera\u00e7\u00e3o dos utilizadores com o s\u00edtio Web. Os dados pessoais s\u00e3o criados atrav\u00e9s de processos t\u00e9cnicos, tais como formul\u00e1rios de contacto, coment\u00e1rios, cookies, dados anal\u00edticos e a incorpora\u00e7\u00e3o de terceiros.<\/span><\/p><\/div><\/div><div class=\"elementor-element elementor-element-697b3769 elementor-widget elementor-widget-spacer\" data-id=\"697b3769\" data-element_type=\"widget\" data-widget_type=\"spacer.default\"><div class=\"elementor-widget-container\"><div class=\"elementor-spacer\"><\/div><\/div><\/div>\t\t\t\t\t\t\t\t<\/div>\n\t\t\t\t\t<\/div>\n\t\t\t\t<\/div>\n\t\t<div class=\"elementor-element elementor-element-0278f2f e-flex e-con-boxed e-con e-parent\" data-id=\"0278f2f\" data-element_type=\"container\" data-e-type=\"container\">\n\t\t\t\t\t<div class=\"e-con-inner\">\n\t\t\t\t<div class=\"elementor-element elementor-element-175ec25 elementor-widget elementor-widget-heading\" data-id=\"175ec25\" data-element_type=\"widget\" data-e-type=\"widget\" data-widget_type=\"heading.default\">\n\t\t\t\t\t<h5 class=\"elementor-heading-title elementor-size-default\">Pol\u00edtica de cookies\n<\/h5>\t\t\t\t<\/div>\n\t\t\t\t<div class=\"elementor-element elementor-element-db5e712 elementor-widget elementor-widget-html\" data-id=\"db5e712\" data-element_type=\"widget\" data-e-type=\"widget\" data-widget_type=\"html.default\">\n\t\t\t\t\t<script id=\"CookieDeclaration\" src=\"https:\/\/consent.cookiebot.com\/1fad23ec-1892-42a6-b26f-737fe6bd9599\/cd.js\" type=\"text\/javascript\" async><\/script>\t\t\t\t<\/div>\n\t\t\t\t\t<\/div>\n\t\t\t\t<\/div>\n\t\t<div class=\"elementor-element elementor-element-c7cd17f e-flex e-con-boxed e-con e-parent\" data-id=\"c7cd17f\" data-element_type=\"container\" data-e-type=\"container\">\n\t\t\t\t\t<div class=\"e-con-inner\">\n\t\t\t\t<div class=\"elementor-element elementor-element-f8f55fb elementor-widget elementor-widget-heading\" data-id=\"f8f55fb\" data-element_type=\"widget\" data-e-type=\"widget\" data-widget_type=\"heading.default\">\n\t\t\t\t\t<h5 class=\"elementor-heading-title elementor-size-default\">Conte\u00fado incorporado de outros s\u00edtios Web<\/h5>\t\t\t\t<\/div>\n\t\t\t\t<div class=\"elementor-element elementor-element-f126a59 elementor-widget elementor-widget-text-editor\" data-id=\"f126a59\" data-element_type=\"widget\" data-e-type=\"widget\" data-widget_type=\"text-editor.default\">\n\t\t\t\t\t\t\t\t\t<div class=\"elementor-element elementor-element-7a5c89c3 elementor-widget elementor-widget-text-editor\" data-id=\"7a5c89c3\" data-element_type=\"widget\" data-widget_type=\"text-editor.default\"><div class=\"elementor-widget-container\"><ul><li>Este s\u00edtio Web pode incluir conte\u00fados incorporados (por exemplo: v\u00eddeos, imagens, artigos, etc.). O conte\u00fado incorporado de outros s\u00edtios Web comporta-se como se o utilizador estivesse a visitar esses s\u00edtios<span style=\"color: var( --e-global-color-text ); font-family: var( --e-global-typography-text-font-family ), Sans-serif;\">.<\/span><\/li><\/ul><\/div><\/div><div class=\"elementor-element elementor-element-697b3769 elementor-widget elementor-widget-spacer\" data-id=\"697b3769\" data-element_type=\"widget\" data-widget_type=\"spacer.default\"><div class=\"elementor-widget-container\"><div class=\"elementor-spacer\"><\/div><\/div><\/div>\t\t\t\t\t\t\t\t<\/div>\n\t\t\t\t\t<\/div>\n\t\t\t\t<\/div>\n\t\t<div class=\"elementor-element elementor-element-8b67a97 e-flex e-con-boxed e-con e-parent\" data-id=\"8b67a97\" data-element_type=\"container\" data-e-type=\"container\">\n\t\t\t\t\t<div class=\"e-con-inner\">\n\t\t\t\t<div class=\"elementor-element elementor-element-a6a4eee elementor-widget elementor-widget-heading\" data-id=\"a6a4eee\" data-element_type=\"widget\" data-e-type=\"widget\" data-widget_type=\"heading.default\">\n\t\t\t\t\t<h5 class=\"elementor-heading-title elementor-size-default\">Os direitos que o utilizador tem sobre os seus dados<\/h5>\t\t\t\t<\/div>\n\t\t\t\t<div class=\"elementor-element elementor-element-6852be8 elementor-widget elementor-widget-text-editor\" data-id=\"6852be8\" data-element_type=\"widget\" data-e-type=\"widget\" data-widget_type=\"text-editor.default\">\n\t\t\t\t\t\t\t\t\t<div class=\"elementor-element elementor-element-7a5c89c3 elementor-widget elementor-widget-text-editor\" data-id=\"7a5c89c3\" data-element_type=\"widget\" data-widget_type=\"text-editor.default\"><div class=\"elementor-widget-container\"><p><span>Se tiver deixado coment\u00e1rios neste s\u00edtio Web, pode pedir para receber um ficheiro de exporta\u00e7\u00e3o com os dados pessoais armazenados sobre si, incluindo quaisquer dados pessoais que tenha especificado. Tamb\u00e9m pode pedir que os dados guardados sejam eliminados. Isto n\u00e3o inclui quaisquer dados pessoais que tenham de ser mantidos para fins administrativos, legais ou de seguran\u00e7a.<\/span><\/p><p><span lang=\"EN-US\">Se tiver alguma d\u00favida sobre a nossa pol\u00edtica de privacidade ou se pretender alterar, atualizar ou remover quaisquer informa\u00e7\u00f5es pessoais, envie uma mensagem de correio eletr\u00f3nico para <a href=\"mailto:info@duomoflorence-tickets.com\">info@duomoflorence-tickets.com<\/a><\/span><span lang=\"EN-US\">.<\/span><\/p><\/div><\/div><div class=\"elementor-element elementor-element-697b3769 elementor-widget elementor-widget-spacer\" data-id=\"697b3769\" data-element_type=\"widget\" data-widget_type=\"spacer.default\"><div class=\"elementor-widget-container\"><div class=\"elementor-spacer\"><\/div><\/div><\/div>\t\t\t\t\t\t\t\t<\/div>\n\t\t\t\t\t<\/div>\n\t\t\t\t<\/div>\n\t\t<div class=\"elementor-element elementor-element-6aad7b1 e-flex e-con-boxed e-con e-parent\" data-id=\"6aad7b1\" data-element_type=\"container\" data-e-type=\"container\">\n\t\t\t\t\t<div class=\"e-con-inner\">\n\t\t\t\t<div class=\"elementor-element elementor-element-0d4f81d elementor-widget elementor-widget-heading\" data-id=\"0d4f81d\" data-element_type=\"widget\" data-e-type=\"widget\" data-widget_type=\"heading.default\">\n\t\t\t\t\t<h5 class=\"elementor-heading-title elementor-size-default\">Termos e condi\u00e7\u00f5es<\/h5>\t\t\t\t<\/div>\n\t\t\t\t<div class=\"elementor-element elementor-element-ea90491 elementor-widget elementor-widget-text-editor\" data-id=\"ea90491\" data-element_type=\"widget\" data-e-type=\"widget\" data-widget_type=\"text-editor.default\">\n\t\t\t\t\t\t\t\t\t<p><span>Se tiver alguma d\u00favida sobre as condi\u00e7\u00f5es gerais de utiliza\u00e7\u00e3o deste s\u00edtio Web, consulte o nosso\u00a0<\/span><a href=\"https:\/\/duomoflorence-tickets.com\/pt\/isencao-de-responsabilidade-e-termos-condicoes\/\" target=\"_blank\" rel=\"noopener\">Declara\u00e7\u00e3o de exonera\u00e7\u00e3o de responsabilidade e termos e condi\u00e7\u00f5es<\/a><span>\u00a0p\u00e1gina.<\/span><\/p>\t\t\t\t\t\t\t\t<\/div>\n\t\t\t\t\t<\/div>\n\t\t\t\t<\/div>\n\t\t\t\t<\/div>","protected":false},"excerpt":{"rendered":"<p>Privacy &amp; Cookies Policy Your privacy is important. It is the Privacy &amp; Cookies Policy of the www.duomoflorence-tickets.com website to respect your privacy in relation to any information that may be collected on the website. Personal information is requested only when it is really necessary to provide you with a [&hellip;]<\/p>\n","protected":false},"author":1,"featured_media":0,"parent":0,"menu_order":0,"comment_status":"closed","ping_status":"closed","template":"page-templates\/template-pagebuilder-full-width.php","meta":{"footnotes":""},"class_list":["post-469","page","type-page","status-publish","hentry"],"yoast_head":"<!-- This site is optimized with the Yoast SEO plugin v27.4 - https:\/\/yoast.com\/product\/yoast-seo-wordpress\/ -->\n<title>Privacy &amp; Cookies Policy<\/title>\n<meta name=\"description\" content=\"Please check here the complete Privacy &amp; Cookies Policy of this website in relation to any information that may be collected.\" \/>\n<meta name=\"robots\" content=\"index, follow, max-snippet:-1, max-image-preview:large, max-video-preview:-1\" \/>\n<link rel=\"canonical\" href=\"https:\/\/duomoflorence-tickets.com\/pt\/politica-de-privacidade-cookies\/\" \/>\n<meta property=\"og:locale\" content=\"pt_PT\" \/>\n<meta property=\"og:type\" content=\"article\" \/>\n<meta property=\"og:title\" content=\"Privacy &amp; Cookies Policy\" \/>\n<meta property=\"og:description\" content=\"Please check here the complete Privacy &amp; Cookies Policy of this website in relation to any information that may be collected.\" \/>\n<meta property=\"og:url\" content=\"https:\/\/duomoflorence-tickets.com\/pt\/politica-de-privacidade-cookies\/\" \/>\n<meta property=\"og:site_name\" content=\"Duomo Florence Tickets\" \/>\n<meta property=\"article:modified_time\" content=\"2025-11-26T15:57:13+00:00\" \/>\n<meta name=\"twitter:card\" content=\"summary_large_image\" \/>\n<meta name=\"twitter:label1\" content=\"Tempo estimado de leitura\" \/>\n\t<meta name=\"twitter:data1\" content=\"2 minutos\" \/>\n<script type=\"application\/ld+json\" class=\"yoast-schema-graph\">{\"@context\":\"https:\\\/\\\/schema.org\",\"@graph\":[{\"@type\":\"WebPage\",\"@id\":\"https:\\\/\\\/duomoflorence-tickets.com\\\/privacy-cookies-policy\\\/\",\"url\":\"https:\\\/\\\/duomoflorence-tickets.com\\\/privacy-cookies-policy\\\/\",\"name\":\"Privacy & Cookies Policy\",\"isPartOf\":{\"@id\":\"https:\\\/\\\/duomoflorence-tickets.com\\\/#website\"},\"datePublished\":\"2025-11-26T15:32:09+00:00\",\"dateModified\":\"2025-11-26T15:57:13+00:00\",\"description\":\"Please check here the complete Privacy & Cookies Policy of this website in relation to any information that may be collected.\",\"breadcrumb\":{\"@id\":\"https:\\\/\\\/duomoflorence-tickets.com\\\/privacy-cookies-policy\\\/#breadcrumb\"},\"inLanguage\":\"pt-PT\",\"potentialAction\":[{\"@type\":\"ReadAction\",\"target\":[\"https:\\\/\\\/duomoflorence-tickets.com\\\/privacy-cookies-policy\\\/\"]}]},{\"@type\":\"BreadcrumbList\",\"@id\":\"https:\\\/\\\/duomoflorence-tickets.com\\\/privacy-cookies-policy\\\/#breadcrumb\",\"itemListElement\":[{\"@type\":\"ListItem\",\"position\":1,\"name\":\"Home\",\"item\":\"https:\\\/\\\/duomoflorence-tickets.com\\\/\"},{\"@type\":\"ListItem\",\"position\":2,\"name\":\"Privacy &amp; Cookies Policy\"}]},{\"@type\":\"WebSite\",\"@id\":\"https:\\\/\\\/duomoflorence-tickets.com\\\/#website\",\"url\":\"https:\\\/\\\/duomoflorence-tickets.com\\\/\",\"name\":\"Duomo Florence Tickets\",\"description\":\"\",\"publisher\":{\"@id\":\"https:\\\/\\\/duomoflorence-tickets.com\\\/#organization\"},\"potentialAction\":[{\"@type\":\"SearchAction\",\"target\":{\"@type\":\"EntryPoint\",\"urlTemplate\":\"https:\\\/\\\/duomoflorence-tickets.com\\\/?s={search_term_string}\"},\"query-input\":{\"@type\":\"PropertyValueSpecification\",\"valueRequired\":true,\"valueName\":\"search_term_string\"}}],\"inLanguage\":\"pt-PT\"},{\"@type\":\"Organization\",\"@id\":\"https:\\\/\\\/duomoflorence-tickets.com\\\/#organization\",\"name\":\"Duomo Florence Tickets\",\"url\":\"https:\\\/\\\/duomoflorence-tickets.com\\\/\",\"logo\":{\"@type\":\"ImageObject\",\"inLanguage\":\"pt-PT\",\"@id\":\"https:\\\/\\\/duomoflorence-tickets.com\\\/#\\\/schema\\\/logo\\\/image\\\/\",\"url\":\"https:\\\/\\\/duomoflorence-tickets.com\\\/wp-content\\\/uploads\\\/2025\\\/11\\\/Duomo-Florence-Tickets-Logo.webp\",\"contentUrl\":\"https:\\\/\\\/duomoflorence-tickets.com\\\/wp-content\\\/uploads\\\/2025\\\/11\\\/Duomo-Florence-Tickets-Logo.webp\",\"width\":500,\"height\":500,\"caption\":\"Duomo Florence Tickets\"},\"image\":{\"@id\":\"https:\\\/\\\/duomoflorence-tickets.com\\\/#\\\/schema\\\/logo\\\/image\\\/\"}}]}<\/script>\n<!-- \/ Yoast SEO plugin. -->","yoast_head_json":{"title":"Pol\u00edtica de privacidade e de cookies","description":"Consulte aqui a Pol\u00edtica de Privacidade e de Cookies completa deste s\u00edtio Web em rela\u00e7\u00e3o a qualquer informa\u00e7\u00e3o que possa ser recolhida.","robots":{"index":"index","follow":"follow","max-snippet":"max-snippet:-1","max-image-preview":"max-image-preview:large","max-video-preview":"max-video-preview:-1"},"canonical":"https:\/\/duomoflorence-tickets.com\/pt\/politica-de-privacidade-cookies\/","og_locale":"pt_PT","og_type":"article","og_title":"Privacy & Cookies Policy","og_description":"Please check here the complete Privacy & Cookies Policy of this website in relation to any information that may be collected.","og_url":"https:\/\/duomoflorence-tickets.com\/pt\/politica-de-privacidade-cookies\/","og_site_name":"Duomo Florence Tickets","article_modified_time":"2025-11-26T15:57:13+00:00","twitter_card":"summary_large_image","twitter_misc":{"Tempo estimado de leitura":"2 minutos"},"schema":{"@context":"https:\/\/schema.org","@graph":[{"@type":"WebPage","@id":"https:\/\/duomoflorence-tickets.com\/privacy-cookies-policy\/","url":"https:\/\/duomoflorence-tickets.com\/privacy-cookies-policy\/","name":"Pol\u00edtica de privacidade e de cookies","isPartOf":{"@id":"https:\/\/duomoflorence-tickets.com\/#website"},"datePublished":"2025-11-26T15:32:09+00:00","dateModified":"2025-11-26T15:57:13+00:00","description":"Consulte aqui a Pol\u00edtica de Privacidade e de Cookies completa deste s\u00edtio Web em rela\u00e7\u00e3o a qualquer informa\u00e7\u00e3o que possa ser recolhida.","breadcrumb":{"@id":"https:\/\/duomoflorence-tickets.com\/privacy-cookies-policy\/#breadcrumb"},"inLanguage":"pt-PT","potentialAction":[{"@type":"ReadAction","target":["https:\/\/duomoflorence-tickets.com\/privacy-cookies-policy\/"]}]},{"@type":"BreadcrumbList","@id":"https:\/\/duomoflorence-tickets.com\/privacy-cookies-policy\/#breadcrumb","itemListElement":[{"@type":"ListItem","position":1,"name":"Home","item":"https:\/\/duomoflorence-tickets.com\/"},{"@type":"ListItem","position":2,"name":"Privacy &amp; Cookies Policy"}]},{"@type":"WebSite","@id":"https:\/\/duomoflorence-tickets.com\/#website","url":"https:\/\/duomoflorence-tickets.com\/","name":"Bilhetes Duomo Florence","description":"","publisher":{"@id":"https:\/\/duomoflorence-tickets.com\/#organization"},"potentialAction":[{"@type":"SearchAction","target":{"@type":"EntryPoint","urlTemplate":"https:\/\/duomoflorence-tickets.com\/?s={search_term_string}"},"query-input":{"@type":"PropertyValueSpecification","valueRequired":true,"valueName":"search_term_string"}}],"inLanguage":"pt-PT"},{"@type":"Organization","@id":"https:\/\/duomoflorence-tickets.com\/#organization","name":"Bilhetes Duomo Florence","url":"https:\/\/duomoflorence-tickets.com\/","logo":{"@type":"ImageObject","inLanguage":"pt-PT","@id":"https:\/\/duomoflorence-tickets.com\/#\/schema\/logo\/image\/","url":"https:\/\/duomoflorence-tickets.com\/wp-content\/uploads\/2025\/11\/Duomo-Florence-Tickets-Logo.webp","contentUrl":"https:\/\/duomoflorence-tickets.com\/wp-content\/uploads\/2025\/11\/Duomo-Florence-Tickets-Logo.webp","width":500,"height":500,"caption":"Duomo Florence Tickets"},"image":{"@id":"https:\/\/duomoflorence-tickets.com\/#\/schema\/logo\/image\/"}}]}},"_links":{"self":[{"href":"https:\/\/duomoflorence-tickets.com\/pt\/wp-json\/wp\/v2\/pages\/469","targetHints":{"allow":["GET"]}}],"collection":[{"href":"https:\/\/duomoflorence-tickets.com\/pt\/wp-json\/wp\/v2\/pages"}],"about":[{"href":"https:\/\/duomoflorence-tickets.com\/pt\/wp-json\/wp\/v2\/types\/page"}],"author":[{"embeddable":true,"href":"https:\/\/duomoflorence-tickets.com\/pt\/wp-json\/wp\/v2\/users\/1"}],"replies":[{"embeddable":true,"href":"https:\/\/duomoflorence-tickets.com\/pt\/wp-json\/wp\/v2\/comments?post=469"}],"version-history":[{"count":0,"href":"https:\/\/duomoflorence-tickets.com\/pt\/wp-json\/wp\/v2\/pages\/469\/revisions"}],"wp:attachment":[{"href":"https:\/\/duomoflorence-tickets.com\/pt\/wp-json\/wp\/v2\/media?parent=469"}],"curies":[{"name":"wp","href":"https:\/\/api.w.org\/{rel}","templated":true}]}}