{"id":469,"date":"2025-11-26T15:32:09","date_gmt":"2025-11-26T15:32:09","guid":{"rendered":"https:\/\/duomoflorence-tickets.com\/?page_id=469"},"modified":"2025-11-26T15:57:13","modified_gmt":"2025-11-26T15:57:13","slug":"confidentialite-politique-des-cookies","status":"publish","type":"page","link":"https:\/\/duomoflorence-tickets.com\/fr\/privacy-cookies-policy\/","title":{"rendered":"Politique en mati\u00e8re de confidentialit\u00e9 et de cookies"},"content":{"rendered":"<div data-elementor-type=\"wp-page\" data-elementor-id=\"469\" class=\"elementor elementor-469\">\n\t\t\t\t<div class=\"elementor-element elementor-element-f47487b e-flex e-con-boxed e-con e-parent\" data-id=\"f47487b\" data-element_type=\"container\" data-e-type=\"container\" data-settings=\"{&quot;background_background&quot;:&quot;classic&quot;}\">\n\t\t\t\t\t<div class=\"e-con-inner\">\n\t\t\t\t<div class=\"elementor-element elementor-element-c16a721 elementor-widget elementor-widget-heading\" data-id=\"c16a721\" data-element_type=\"widget\" data-e-type=\"widget\" data-widget_type=\"heading.default\">\n\t\t\t\t\t<h2 class=\"elementor-heading-title elementor-size-default\">Politique en mati\u00e8re de confidentialit\u00e9 et de cookies<\/h2>\t\t\t\t<\/div>\n\t\t\t\t\t<\/div>\n\t\t\t\t<\/div>\n\t\t<div class=\"elementor-element elementor-element-33bbcef e-flex e-con-boxed e-con e-parent\" data-id=\"33bbcef\" data-element_type=\"container\" data-e-type=\"container\">\n\t\t\t\t\t<div class=\"e-con-inner\">\n\t\t\t\t<div class=\"elementor-element elementor-element-1a2bd92 elementor-widget elementor-widget-text-editor\" data-id=\"1a2bd92\" data-element_type=\"widget\" data-e-type=\"widget\" data-widget_type=\"text-editor.default\">\n\t\t\t\t\t\t\t\t\t<div class=\"elementor-element elementor-element-60be2500 elementor-widget elementor-widget-text-editor\" data-id=\"60be2500\" data-element_type=\"widget\" data-widget_type=\"text-editor.default\"><div class=\"elementor-widget-container\"><div><p class=\"has-text-align-justify\">Votre vie priv\u00e9e est importante. La politique du site www.duomoflorence-tickets.com en mati\u00e8re de confidentialit\u00e9 et de cookies consiste \u00e0 respecter votre vie priv\u00e9e en ce qui concerne les informations qui peuvent \u00eatre collect\u00e9es sur le site.<\/p><\/div><div><p class=\"has-text-align-justify\">Les informations personnelles ne sont demand\u00e9es que lorsqu'elles sont r\u00e9ellement n\u00e9cessaires pour vous fournir un service. Cette demande est faite par des moyens justes et l\u00e9gaux, avec votre connaissance et votre consentement. Nous vous expliquons \u00e9galement pourquoi ces informations sont collect\u00e9es et comment elles seront utilis\u00e9es.<\/p><\/div><div><p class=\"has-text-align-justify\">Les informations collect\u00e9es ne sont conserv\u00e9es que le temps n\u00e9cessaire \u00e0 la fourniture du service demand\u00e9. Lorsque les donn\u00e9es sont stock\u00e9es, elles sont prot\u00e9g\u00e9es par des moyens commercialement acceptables pour \u00e9viter la perte et le vol, ainsi que l'acc\u00e8s, la divulgation, la copie, l'utilisation ou la modification non autoris\u00e9s.<\/p><\/div><div><p class=\"has-text-align-justify\">Les informations personnelles identifiables ne sont pas partag\u00e9es publiquement ou avec des tiers, sauf si la loi l'exige.<\/p><\/div><div><p class=\"has-text-align-justify\">Ce site web peut contenir des liens vers des sites web externes qui ne sont pas exploit\u00e9s par nous. Veuillez noter que le site www.duomoflorence-tickets.com n'a aucun contr\u00f4le sur le contenu et les pratiques de ces sites web et ne peut \u00eatre tenu responsable de leurs politiques respectives en mati\u00e8re de protection de la vie priv\u00e9e.<\/p><\/div><div><p class=\"has-text-align-justify\">L'utilisateur est libre de refuser de fournir les informations personnelles demand\u00e9es, sachant que certains des services souhait\u00e9s pourraient ne pas \u00eatre fournis.<\/p><\/div><div><p class=\"has-text-align-justify\">La poursuite de l'utilisation de ce site web sera consid\u00e9r\u00e9e comme une acceptation des pratiques relatives \u00e0 la vie priv\u00e9e et aux informations personnelles. Si vous avez des questions sur la mani\u00e8re dont les donn\u00e9es des utilisateurs et les informations personnelles sont g\u00e9r\u00e9es, ou sur notre politique de confidentialit\u00e9 en g\u00e9n\u00e9ral, veuillez vous adresser \u00e0<span class=\"apple-converted-space\">\u00a0<\/span>contactez-nous sur\u00a0<a href=\"mailto:info@duomoflorence-tickets.com\">info@duomoflorence-tickets.com<\/a>.<\/p><\/div><\/div><\/div><div class=\"elementor-element elementor-element-355b9a8c elementor-widget elementor-widget-spacer\" data-id=\"355b9a8c\" data-element_type=\"widget\" data-widget_type=\"spacer.default\"><div class=\"elementor-widget-container\"><div class=\"elementor-spacer\">\u00a0<\/div><\/div><\/div>\t\t\t\t\t\t\t\t<\/div>\n\t\t\t\t\t<\/div>\n\t\t\t\t<\/div>\n\t\t<div class=\"elementor-element elementor-element-6d20738 e-flex e-con-boxed e-con e-parent\" data-id=\"6d20738\" data-element_type=\"container\" data-e-type=\"container\">\n\t\t\t\t\t<div class=\"e-con-inner\">\n\t\t\t\t<div class=\"elementor-element elementor-element-df5cc4f elementor-widget elementor-widget-heading\" data-id=\"df5cc4f\" data-element_type=\"widget\" data-e-type=\"widget\" data-widget_type=\"heading.default\">\n\t\t\t\t\t<h5 class=\"elementor-heading-title elementor-size-default\">Quelles sont les donn\u00e9es personnelles collect\u00e9es et pourquoi ?<\/h5>\t\t\t\t<\/div>\n\t\t\t\t<div class=\"elementor-element elementor-element-44dfdde elementor-widget elementor-widget-text-editor\" data-id=\"44dfdde\" data-element_type=\"widget\" data-e-type=\"widget\" data-widget_type=\"text-editor.default\">\n\t\t\t\t\t\t\t\t\t<div class=\"elementor-element elementor-element-7a5c89c3 elementor-widget elementor-widget-text-editor\" data-id=\"7a5c89c3\" data-element_type=\"widget\" data-widget_type=\"text-editor.default\"><div class=\"elementor-widget-container\"><p><span>Les donn\u00e9es \u00e0 caract\u00e8re personnel ne sont pas cr\u00e9\u00e9es uniquement par l'interaction des utilisateurs avec le site web. Les donn\u00e9es personnelles sont cr\u00e9\u00e9es par des proc\u00e9d\u00e9s techniques tels que les formulaires de contact, les commentaires, les cookies, les donn\u00e9es analytiques et l'incorporation de tiers.<\/span><\/p><\/div><\/div><div class=\"elementor-element elementor-element-697b3769 elementor-widget elementor-widget-spacer\" data-id=\"697b3769\" data-element_type=\"widget\" data-widget_type=\"spacer.default\"><div class=\"elementor-widget-container\"><div class=\"elementor-spacer\"><\/div><\/div><\/div>\t\t\t\t\t\t\t\t<\/div>\n\t\t\t\t\t<\/div>\n\t\t\t\t<\/div>\n\t\t<div class=\"elementor-element elementor-element-0278f2f e-flex e-con-boxed e-con e-parent\" data-id=\"0278f2f\" data-element_type=\"container\" data-e-type=\"container\">\n\t\t\t\t\t<div class=\"e-con-inner\">\n\t\t\t\t<div class=\"elementor-element elementor-element-175ec25 elementor-widget elementor-widget-heading\" data-id=\"175ec25\" data-element_type=\"widget\" data-e-type=\"widget\" data-widget_type=\"heading.default\">\n\t\t\t\t\t<h5 class=\"elementor-heading-title elementor-size-default\">Politique en mati\u00e8re de cookies\n<\/h5>\t\t\t\t<\/div>\n\t\t\t\t<div class=\"elementor-element elementor-element-db5e712 elementor-widget elementor-widget-html\" data-id=\"db5e712\" data-element_type=\"widget\" data-e-type=\"widget\" data-widget_type=\"html.default\">\n\t\t\t\t\t<script id=\"CookieDeclaration\" src=\"https:\/\/consent.cookiebot.com\/1fad23ec-1892-42a6-b26f-737fe6bd9599\/cd.js\" type=\"text\/javascript\" async><\/script>\t\t\t\t<\/div>\n\t\t\t\t\t<\/div>\n\t\t\t\t<\/div>\n\t\t<div class=\"elementor-element elementor-element-c7cd17f e-flex e-con-boxed e-con e-parent\" data-id=\"c7cd17f\" data-element_type=\"container\" data-e-type=\"container\">\n\t\t\t\t\t<div class=\"e-con-inner\">\n\t\t\t\t<div class=\"elementor-element elementor-element-f8f55fb elementor-widget elementor-widget-heading\" data-id=\"f8f55fb\" data-element_type=\"widget\" data-e-type=\"widget\" data-widget_type=\"heading.default\">\n\t\t\t\t\t<h5 class=\"elementor-heading-title elementor-size-default\">Contenu int\u00e9gr\u00e9 d'autres sites web<\/h5>\t\t\t\t<\/div>\n\t\t\t\t<div class=\"elementor-element elementor-element-f126a59 elementor-widget elementor-widget-text-editor\" data-id=\"f126a59\" data-element_type=\"widget\" data-e-type=\"widget\" data-widget_type=\"text-editor.default\">\n\t\t\t\t\t\t\t\t\t<div class=\"elementor-element elementor-element-7a5c89c3 elementor-widget elementor-widget-text-editor\" data-id=\"7a5c89c3\" data-element_type=\"widget\" data-widget_type=\"text-editor.default\"><div class=\"elementor-widget-container\"><ul><li>Ce site web peut inclure du contenu int\u00e9gr\u00e9 (par exemple : vid\u00e9os, images, articles, etc.). Le contenu int\u00e9gr\u00e9 provenant d'autres sites web se comporte comme si l'utilisateur visitait ces sites web<span style=\"color: var( --e-global-color-text ); font-family: var( --e-global-typography-text-font-family ), Sans-serif;\">.<\/span><\/li><\/ul><\/div><\/div><div class=\"elementor-element elementor-element-697b3769 elementor-widget elementor-widget-spacer\" data-id=\"697b3769\" data-element_type=\"widget\" data-widget_type=\"spacer.default\"><div class=\"elementor-widget-container\"><div class=\"elementor-spacer\"><\/div><\/div><\/div>\t\t\t\t\t\t\t\t<\/div>\n\t\t\t\t\t<\/div>\n\t\t\t\t<\/div>\n\t\t<div class=\"elementor-element elementor-element-8b67a97 e-flex e-con-boxed e-con e-parent\" data-id=\"8b67a97\" data-element_type=\"container\" data-e-type=\"container\">\n\t\t\t\t\t<div class=\"e-con-inner\">\n\t\t\t\t<div class=\"elementor-element elementor-element-a6a4eee elementor-widget elementor-widget-heading\" data-id=\"a6a4eee\" data-element_type=\"widget\" data-e-type=\"widget\" data-widget_type=\"heading.default\">\n\t\t\t\t\t<h5 class=\"elementor-heading-title elementor-size-default\">Les droits que vous avez sur vos donn\u00e9es<\/h5>\t\t\t\t<\/div>\n\t\t\t\t<div class=\"elementor-element elementor-element-6852be8 elementor-widget elementor-widget-text-editor\" data-id=\"6852be8\" data-element_type=\"widget\" data-e-type=\"widget\" data-widget_type=\"text-editor.default\">\n\t\t\t\t\t\t\t\t\t<div class=\"elementor-element elementor-element-7a5c89c3 elementor-widget elementor-widget-text-editor\" data-id=\"7a5c89c3\" data-element_type=\"widget\" data-widget_type=\"text-editor.default\"><div class=\"elementor-widget-container\"><p><span>Si vous avez laiss\u00e9 des commentaires sur ce site web, vous pouvez demander \u00e0 recevoir un fichier d'exportation contenant les donn\u00e9es personnelles enregistr\u00e9es \u00e0 votre sujet, y compris les donn\u00e9es personnelles que vous avez sp\u00e9cifi\u00e9es. Vous pouvez \u00e9galement demander que les donn\u00e9es enregistr\u00e9es soient supprim\u00e9es. Les donn\u00e9es personnelles dont la conservation est n\u00e9cessaire \u00e0 des fins administratives, juridiques ou de s\u00e9curit\u00e9 ne sont pas concern\u00e9es.<\/span><\/p><p><span lang=\"EN-US\">Si vous avez des questions sur notre politique de confidentialit\u00e9 ou si vous souhaitez modifier, mettre \u00e0 jour ou supprimer des informations personnelles, envoyez un courriel \u00e0 l'adresse suivante <a href=\"mailto:info@duomoflorence-tickets.com\">info@duomoflorence-tickets.com<\/a><\/span><span lang=\"EN-US\">.<\/span><\/p><\/div><\/div><div class=\"elementor-element elementor-element-697b3769 elementor-widget elementor-widget-spacer\" data-id=\"697b3769\" data-element_type=\"widget\" data-widget_type=\"spacer.default\"><div class=\"elementor-widget-container\"><div class=\"elementor-spacer\"><\/div><\/div><\/div>\t\t\t\t\t\t\t\t<\/div>\n\t\t\t\t\t<\/div>\n\t\t\t\t<\/div>\n\t\t<div class=\"elementor-element elementor-element-6aad7b1 e-flex e-con-boxed e-con e-parent\" data-id=\"6aad7b1\" data-element_type=\"container\" data-e-type=\"container\">\n\t\t\t\t\t<div class=\"e-con-inner\">\n\t\t\t\t<div class=\"elementor-element elementor-element-0d4f81d elementor-widget elementor-widget-heading\" data-id=\"0d4f81d\" data-element_type=\"widget\" data-e-type=\"widget\" data-widget_type=\"heading.default\">\n\t\t\t\t\t<h5 class=\"elementor-heading-title elementor-size-default\">Conditions g\u00e9n\u00e9rales d'utilisation<\/h5>\t\t\t\t<\/div>\n\t\t\t\t<div class=\"elementor-element elementor-element-ea90491 elementor-widget elementor-widget-text-editor\" data-id=\"ea90491\" data-element_type=\"widget\" data-e-type=\"widget\" data-widget_type=\"text-editor.default\">\n\t\t\t\t\t\t\t\t\t<p><span>Si vous avez des questions concernant les conditions g\u00e9n\u00e9rales d'utilisation de ce site web, consultez notre site web.\u00a0<\/span><a href=\"https:\/\/duomoflorence-tickets.com\/fr\/clause-de-non-responsabilite-et-conditions-generales\/\" target=\"_blank\" rel=\"noopener\">Clause de non-responsabilit\u00e9 et conditions g\u00e9n\u00e9rales<\/a><span>\u00a0page.<\/span><\/p>\t\t\t\t\t\t\t\t<\/div>\n\t\t\t\t\t<\/div>\n\t\t\t\t<\/div>\n\t\t\t\t<\/div>","protected":false},"excerpt":{"rendered":"<p>Privacy &amp; Cookies Policy Your privacy is important. It is the Privacy &amp; Cookies Policy of the www.duomoflorence-tickets.com website to respect your privacy in relation to any information that may be collected on the website. Personal information is requested only when it is really necessary to provide you with a [&hellip;]<\/p>\n","protected":false},"author":1,"featured_media":0,"parent":0,"menu_order":0,"comment_status":"closed","ping_status":"closed","template":"page-templates\/template-pagebuilder-full-width.php","meta":{"footnotes":""},"class_list":["post-469","page","type-page","status-publish","hentry"],"yoast_head":"<!-- This site is optimized with the Yoast SEO plugin v27.4 - https:\/\/yoast.com\/product\/yoast-seo-wordpress\/ -->\n<title>Privacy &amp; Cookies Policy<\/title>\n<meta name=\"description\" content=\"Please check here the complete Privacy &amp; Cookies Policy of this website in relation to any information that may be collected.\" \/>\n<meta name=\"robots\" content=\"index, follow, max-snippet:-1, max-image-preview:large, max-video-preview:-1\" \/>\n<link rel=\"canonical\" href=\"https:\/\/duomoflorence-tickets.com\/fr\/confidentialite-politique-des-cookies\/\" \/>\n<meta property=\"og:locale\" content=\"fr_FR\" \/>\n<meta property=\"og:type\" content=\"article\" \/>\n<meta property=\"og:title\" content=\"Privacy &amp; Cookies Policy\" \/>\n<meta property=\"og:description\" content=\"Please check here the complete Privacy &amp; Cookies Policy of this website in relation to any information that may be collected.\" \/>\n<meta property=\"og:url\" content=\"https:\/\/duomoflorence-tickets.com\/fr\/confidentialite-politique-des-cookies\/\" \/>\n<meta property=\"og:site_name\" content=\"Duomo Florence Tickets\" \/>\n<meta property=\"article:modified_time\" content=\"2025-11-26T15:57:13+00:00\" \/>\n<meta name=\"twitter:card\" content=\"summary_large_image\" \/>\n<meta name=\"twitter:label1\" content=\"Dur\u00e9e de lecture estim\u00e9e\" \/>\n\t<meta name=\"twitter:data1\" content=\"2 minutes\" \/>\n<script type=\"application\/ld+json\" class=\"yoast-schema-graph\">{\"@context\":\"https:\\\/\\\/schema.org\",\"@graph\":[{\"@type\":\"WebPage\",\"@id\":\"https:\\\/\\\/duomoflorence-tickets.com\\\/privacy-cookies-policy\\\/\",\"url\":\"https:\\\/\\\/duomoflorence-tickets.com\\\/privacy-cookies-policy\\\/\",\"name\":\"Privacy & Cookies Policy\",\"isPartOf\":{\"@id\":\"https:\\\/\\\/duomoflorence-tickets.com\\\/#website\"},\"datePublished\":\"2025-11-26T15:32:09+00:00\",\"dateModified\":\"2025-11-26T15:57:13+00:00\",\"description\":\"Please check here the complete Privacy & Cookies Policy of this website in relation to any information that may be collected.\",\"breadcrumb\":{\"@id\":\"https:\\\/\\\/duomoflorence-tickets.com\\\/privacy-cookies-policy\\\/#breadcrumb\"},\"inLanguage\":\"fr-FR\",\"potentialAction\":[{\"@type\":\"ReadAction\",\"target\":[\"https:\\\/\\\/duomoflorence-tickets.com\\\/privacy-cookies-policy\\\/\"]}]},{\"@type\":\"BreadcrumbList\",\"@id\":\"https:\\\/\\\/duomoflorence-tickets.com\\\/privacy-cookies-policy\\\/#breadcrumb\",\"itemListElement\":[{\"@type\":\"ListItem\",\"position\":1,\"name\":\"Home\",\"item\":\"https:\\\/\\\/duomoflorence-tickets.com\\\/\"},{\"@type\":\"ListItem\",\"position\":2,\"name\":\"Privacy &amp; Cookies Policy\"}]},{\"@type\":\"WebSite\",\"@id\":\"https:\\\/\\\/duomoflorence-tickets.com\\\/#website\",\"url\":\"https:\\\/\\\/duomoflorence-tickets.com\\\/\",\"name\":\"Duomo Florence Tickets\",\"description\":\"\",\"publisher\":{\"@id\":\"https:\\\/\\\/duomoflorence-tickets.com\\\/#organization\"},\"potentialAction\":[{\"@type\":\"SearchAction\",\"target\":{\"@type\":\"EntryPoint\",\"urlTemplate\":\"https:\\\/\\\/duomoflorence-tickets.com\\\/?s={search_term_string}\"},\"query-input\":{\"@type\":\"PropertyValueSpecification\",\"valueRequired\":true,\"valueName\":\"search_term_string\"}}],\"inLanguage\":\"fr-FR\"},{\"@type\":\"Organization\",\"@id\":\"https:\\\/\\\/duomoflorence-tickets.com\\\/#organization\",\"name\":\"Duomo Florence Tickets\",\"url\":\"https:\\\/\\\/duomoflorence-tickets.com\\\/\",\"logo\":{\"@type\":\"ImageObject\",\"inLanguage\":\"fr-FR\",\"@id\":\"https:\\\/\\\/duomoflorence-tickets.com\\\/#\\\/schema\\\/logo\\\/image\\\/\",\"url\":\"https:\\\/\\\/duomoflorence-tickets.com\\\/wp-content\\\/uploads\\\/2025\\\/11\\\/Duomo-Florence-Tickets-Logo.webp\",\"contentUrl\":\"https:\\\/\\\/duomoflorence-tickets.com\\\/wp-content\\\/uploads\\\/2025\\\/11\\\/Duomo-Florence-Tickets-Logo.webp\",\"width\":500,\"height\":500,\"caption\":\"Duomo Florence Tickets\"},\"image\":{\"@id\":\"https:\\\/\\\/duomoflorence-tickets.com\\\/#\\\/schema\\\/logo\\\/image\\\/\"}}]}<\/script>\n<!-- \/ Yoast SEO plugin. -->","yoast_head_json":{"title":"Politique en mati\u00e8re de confidentialit\u00e9 et de cookies","description":"Veuillez consulter ici la politique compl\u00e8te en mati\u00e8re de confidentialit\u00e9 et de cookies de ce site web en ce qui concerne les informations susceptibles d'\u00eatre collect\u00e9es.","robots":{"index":"index","follow":"follow","max-snippet":"max-snippet:-1","max-image-preview":"max-image-preview:large","max-video-preview":"max-video-preview:-1"},"canonical":"https:\/\/duomoflorence-tickets.com\/fr\/confidentialite-politique-des-cookies\/","og_locale":"fr_FR","og_type":"article","og_title":"Privacy & Cookies Policy","og_description":"Please check here the complete Privacy & Cookies Policy of this website in relation to any information that may be collected.","og_url":"https:\/\/duomoflorence-tickets.com\/fr\/confidentialite-politique-des-cookies\/","og_site_name":"Duomo Florence Tickets","article_modified_time":"2025-11-26T15:57:13+00:00","twitter_card":"summary_large_image","twitter_misc":{"Dur\u00e9e de lecture estim\u00e9e":"2 minutes"},"schema":{"@context":"https:\/\/schema.org","@graph":[{"@type":"WebPage","@id":"https:\/\/duomoflorence-tickets.com\/privacy-cookies-policy\/","url":"https:\/\/duomoflorence-tickets.com\/privacy-cookies-policy\/","name":"Politique en mati\u00e8re de confidentialit\u00e9 et de cookies","isPartOf":{"@id":"https:\/\/duomoflorence-tickets.com\/#website"},"datePublished":"2025-11-26T15:32:09+00:00","dateModified":"2025-11-26T15:57:13+00:00","description":"Veuillez consulter ici la politique compl\u00e8te en mati\u00e8re de confidentialit\u00e9 et de cookies de ce site web en ce qui concerne les informations susceptibles d'\u00eatre collect\u00e9es.","breadcrumb":{"@id":"https:\/\/duomoflorence-tickets.com\/privacy-cookies-policy\/#breadcrumb"},"inLanguage":"fr-FR","potentialAction":[{"@type":"ReadAction","target":["https:\/\/duomoflorence-tickets.com\/privacy-cookies-policy\/"]}]},{"@type":"BreadcrumbList","@id":"https:\/\/duomoflorence-tickets.com\/privacy-cookies-policy\/#breadcrumb","itemListElement":[{"@type":"ListItem","position":1,"name":"Home","item":"https:\/\/duomoflorence-tickets.com\/"},{"@type":"ListItem","position":2,"name":"Privacy &amp; Cookies Policy"}]},{"@type":"WebSite","@id":"https:\/\/duomoflorence-tickets.com\/#website","url":"https:\/\/duomoflorence-tickets.com\/","name":"Billets pour le Duomo de Florence","description":"","publisher":{"@id":"https:\/\/duomoflorence-tickets.com\/#organization"},"potentialAction":[{"@type":"SearchAction","target":{"@type":"EntryPoint","urlTemplate":"https:\/\/duomoflorence-tickets.com\/?s={search_term_string}"},"query-input":{"@type":"PropertyValueSpecification","valueRequired":true,"valueName":"search_term_string"}}],"inLanguage":"fr-FR"},{"@type":"Organization","@id":"https:\/\/duomoflorence-tickets.com\/#organization","name":"Billets pour le Duomo de Florence","url":"https:\/\/duomoflorence-tickets.com\/","logo":{"@type":"ImageObject","inLanguage":"fr-FR","@id":"https:\/\/duomoflorence-tickets.com\/#\/schema\/logo\/image\/","url":"https:\/\/duomoflorence-tickets.com\/wp-content\/uploads\/2025\/11\/Duomo-Florence-Tickets-Logo.webp","contentUrl":"https:\/\/duomoflorence-tickets.com\/wp-content\/uploads\/2025\/11\/Duomo-Florence-Tickets-Logo.webp","width":500,"height":500,"caption":"Duomo Florence Tickets"},"image":{"@id":"https:\/\/duomoflorence-tickets.com\/#\/schema\/logo\/image\/"}}]}},"_links":{"self":[{"href":"https:\/\/duomoflorence-tickets.com\/fr\/wp-json\/wp\/v2\/pages\/469","targetHints":{"allow":["GET"]}}],"collection":[{"href":"https:\/\/duomoflorence-tickets.com\/fr\/wp-json\/wp\/v2\/pages"}],"about":[{"href":"https:\/\/duomoflorence-tickets.com\/fr\/wp-json\/wp\/v2\/types\/page"}],"author":[{"embeddable":true,"href":"https:\/\/duomoflorence-tickets.com\/fr\/wp-json\/wp\/v2\/users\/1"}],"replies":[{"embeddable":true,"href":"https:\/\/duomoflorence-tickets.com\/fr\/wp-json\/wp\/v2\/comments?post=469"}],"version-history":[{"count":0,"href":"https:\/\/duomoflorence-tickets.com\/fr\/wp-json\/wp\/v2\/pages\/469\/revisions"}],"wp:attachment":[{"href":"https:\/\/duomoflorence-tickets.com\/fr\/wp-json\/wp\/v2\/media?parent=469"}],"curies":[{"name":"wp","href":"https:\/\/api.w.org\/{rel}","templated":true}]}}