{"id":469,"date":"2025-11-26T15:32:09","date_gmt":"2025-11-26T15:32:09","guid":{"rendered":"https:\/\/duomoflorence-tickets.com\/?page_id=469"},"modified":"2025-11-26T15:57:13","modified_gmt":"2025-11-26T15:57:13","slug":"privacidad-politica-de-cookies","status":"publish","type":"page","link":"https:\/\/duomoflorence-tickets.com\/es\/privacy-cookies-policy\/","title":{"rendered":"Pol\u00edtica de privacidad y cookies"},"content":{"rendered":"<div data-elementor-type=\"wp-page\" data-elementor-id=\"469\" class=\"elementor elementor-469\">\n\t\t\t\t<div class=\"elementor-element elementor-element-f47487b e-flex e-con-boxed e-con e-parent\" data-id=\"f47487b\" data-element_type=\"container\" data-e-type=\"container\" data-settings=\"{&quot;background_background&quot;:&quot;classic&quot;}\">\n\t\t\t\t\t<div class=\"e-con-inner\">\n\t\t\t\t<div class=\"elementor-element elementor-element-c16a721 elementor-widget elementor-widget-heading\" data-id=\"c16a721\" data-element_type=\"widget\" data-e-type=\"widget\" data-widget_type=\"heading.default\">\n\t\t\t\t\t<h2 class=\"elementor-heading-title elementor-size-default\">Pol\u00edtica de privacidad y cookies<\/h2>\t\t\t\t<\/div>\n\t\t\t\t\t<\/div>\n\t\t\t\t<\/div>\n\t\t<div class=\"elementor-element elementor-element-33bbcef e-flex e-con-boxed e-con e-parent\" data-id=\"33bbcef\" data-element_type=\"container\" data-e-type=\"container\">\n\t\t\t\t\t<div class=\"e-con-inner\">\n\t\t\t\t<div class=\"elementor-element elementor-element-1a2bd92 elementor-widget elementor-widget-text-editor\" data-id=\"1a2bd92\" data-element_type=\"widget\" data-e-type=\"widget\" data-widget_type=\"text-editor.default\">\n\t\t\t\t\t\t\t\t\t<div class=\"elementor-element elementor-element-60be2500 elementor-widget elementor-widget-text-editor\" data-id=\"60be2500\" data-element_type=\"widget\" data-widget_type=\"text-editor.default\"><div class=\"elementor-widget-container\"><div><p class=\"has-text-align-justify\">Su privacidad es importante. La pol\u00edtica de privacidad y cookies del sitio web www.duomoflorence-tickets.com respeta su privacidad en relaci\u00f3n con cualquier informaci\u00f3n que pueda recopilarse en el sitio web.<\/p><\/div><div><p class=\"has-text-align-justify\">S\u00f3lo se solicitan datos personales cuando son realmente necesarios para prestarle un servicio. Esta solicitud se realiza por medios justos y legales, con su conocimiento y consentimiento. Tambi\u00e9n le informamos de por qu\u00e9 se recoge esa informaci\u00f3n y c\u00f3mo se utilizar\u00e1.<\/p><\/div><div><p class=\"has-text-align-justify\">La informaci\u00f3n recopilada s\u00f3lo se conserva durante el tiempo necesario para prestar el servicio solicitado. Cuando se almacenan los datos, se protegen utilizando medios comercialmente aceptables para evitar p\u00e9rdidas y robos, as\u00ed como el acceso, la divulgaci\u00f3n, la copia, el uso o la modificaci\u00f3n no autorizados.<\/p><\/div><div><p class=\"has-text-align-justify\">La informaci\u00f3n personal identificable no se comparte p\u00fablicamente ni con terceros, excepto cuando lo exige la ley.<\/p><\/div><div><p class=\"has-text-align-justify\">Este sitio web puede contener enlaces a sitios web externos no gestionados por nosotros. Por favor, tenga en cuenta que el sitio web www.duomoflorence-tickets.com no tiene control sobre el contenido y las pr\u00e1cticas de esos sitios web, y no puede aceptar responsabilidad por sus respectivas pol\u00edticas de privacidad.<\/p><\/div><div><p class=\"has-text-align-justify\">El usuario es libre de negarse a facilitar la informaci\u00f3n personal solicitada, entendiendo que algunos de los servicios deseados pueden no prestarse.<\/p><\/div><div><p class=\"has-text-align-justify\">El uso continuado de este sitio web se considerar\u00e1 una aceptaci\u00f3n de las pr\u00e1cticas en torno a la privacidad y la informaci\u00f3n personal. Si tiene alguna pregunta sobre c\u00f3mo se gestionan los datos de los usuarios y la informaci\u00f3n personal, o sobre nuestra pol\u00edtica de privacidad en general, le rogamos que se dirija a<span class=\"apple-converted-space\">\u00a0<\/span>Contacte con nosotros en\u00a0<a href=\"mailto:info@duomoflorence-tickets.com\">info@duomoflorence-tickets.com<\/a>.<\/p><\/div><\/div><\/div><div class=\"elementor-element elementor-element-355b9a8c elementor-widget elementor-widget-spacer\" data-id=\"355b9a8c\" data-element_type=\"widget\" data-widget_type=\"spacer.default\"><div class=\"elementor-widget-container\"><div class=\"elementor-spacer\">\u00a0<\/div><\/div><\/div>\t\t\t\t\t\t\t\t<\/div>\n\t\t\t\t\t<\/div>\n\t\t\t\t<\/div>\n\t\t<div class=\"elementor-element elementor-element-6d20738 e-flex e-con-boxed e-con e-parent\" data-id=\"6d20738\" data-element_type=\"container\" data-e-type=\"container\">\n\t\t\t\t\t<div class=\"e-con-inner\">\n\t\t\t\t<div class=\"elementor-element elementor-element-df5cc4f elementor-widget elementor-widget-heading\" data-id=\"df5cc4f\" data-element_type=\"widget\" data-e-type=\"widget\" data-widget_type=\"heading.default\">\n\t\t\t\t\t<h5 class=\"elementor-heading-title elementor-size-default\">Qu\u00e9 datos personales se recogen y por qu\u00e9<\/h5>\t\t\t\t<\/div>\n\t\t\t\t<div class=\"elementor-element elementor-element-44dfdde elementor-widget elementor-widget-text-editor\" data-id=\"44dfdde\" data-element_type=\"widget\" data-e-type=\"widget\" data-widget_type=\"text-editor.default\">\n\t\t\t\t\t\t\t\t\t<div class=\"elementor-element elementor-element-7a5c89c3 elementor-widget elementor-widget-text-editor\" data-id=\"7a5c89c3\" data-element_type=\"widget\" data-widget_type=\"text-editor.default\"><div class=\"elementor-widget-container\"><p><span>Los datos personales no se crean \u00fanicamente por la interacci\u00f3n de los usuarios con el sitio web. Los datos personales se crean a trav\u00e9s de procesos t\u00e9cnicos como formularios de contacto, comentarios, cookies, datos anal\u00edticos y la incorporaci\u00f3n de terceros.<\/span><\/p><\/div><\/div><div class=\"elementor-element elementor-element-697b3769 elementor-widget elementor-widget-spacer\" data-id=\"697b3769\" data-element_type=\"widget\" data-widget_type=\"spacer.default\"><div class=\"elementor-widget-container\"><div class=\"elementor-spacer\"><\/div><\/div><\/div>\t\t\t\t\t\t\t\t<\/div>\n\t\t\t\t\t<\/div>\n\t\t\t\t<\/div>\n\t\t<div class=\"elementor-element elementor-element-0278f2f e-flex e-con-boxed e-con e-parent\" data-id=\"0278f2f\" data-element_type=\"container\" data-e-type=\"container\">\n\t\t\t\t\t<div class=\"e-con-inner\">\n\t\t\t\t<div class=\"elementor-element elementor-element-175ec25 elementor-widget elementor-widget-heading\" data-id=\"175ec25\" data-element_type=\"widget\" data-e-type=\"widget\" data-widget_type=\"heading.default\">\n\t\t\t\t\t<h5 class=\"elementor-heading-title elementor-size-default\">Pol\u00edtica de cookies\n<\/h5>\t\t\t\t<\/div>\n\t\t\t\t<div class=\"elementor-element elementor-element-db5e712 elementor-widget elementor-widget-html\" data-id=\"db5e712\" data-element_type=\"widget\" data-e-type=\"widget\" data-widget_type=\"html.default\">\n\t\t\t\t\t<script id=\"CookieDeclaration\" src=\"https:\/\/consent.cookiebot.com\/1fad23ec-1892-42a6-b26f-737fe6bd9599\/cd.js\" type=\"text\/javascript\" async><\/script>\t\t\t\t<\/div>\n\t\t\t\t\t<\/div>\n\t\t\t\t<\/div>\n\t\t<div class=\"elementor-element elementor-element-c7cd17f e-flex e-con-boxed e-con e-parent\" data-id=\"c7cd17f\" data-element_type=\"container\" data-e-type=\"container\">\n\t\t\t\t\t<div class=\"e-con-inner\">\n\t\t\t\t<div class=\"elementor-element elementor-element-f8f55fb elementor-widget elementor-widget-heading\" data-id=\"f8f55fb\" data-element_type=\"widget\" data-e-type=\"widget\" data-widget_type=\"heading.default\">\n\t\t\t\t\t<h5 class=\"elementor-heading-title elementor-size-default\">Contenido incrustado de otros sitios web<\/h5>\t\t\t\t<\/div>\n\t\t\t\t<div class=\"elementor-element elementor-element-f126a59 elementor-widget elementor-widget-text-editor\" data-id=\"f126a59\" data-element_type=\"widget\" data-e-type=\"widget\" data-widget_type=\"text-editor.default\">\n\t\t\t\t\t\t\t\t\t<div class=\"elementor-element elementor-element-7a5c89c3 elementor-widget elementor-widget-text-editor\" data-id=\"7a5c89c3\" data-element_type=\"widget\" data-widget_type=\"text-editor.default\"><div class=\"elementor-widget-container\"><ul><li>Este sitio web puede incluir contenidos incrustados (por ejemplo: v\u00eddeos, im\u00e1genes, art\u00edculos, etc.). El contenido incrustado de otros sitios web se comporta como si el usuario estuviera visitando esos sitios web<span style=\"color: var( --e-global-color-text ); font-family: var( --e-global-typography-text-font-family ), Sans-serif;\">.<\/span><\/li><\/ul><\/div><\/div><div class=\"elementor-element elementor-element-697b3769 elementor-widget elementor-widget-spacer\" data-id=\"697b3769\" data-element_type=\"widget\" data-widget_type=\"spacer.default\"><div class=\"elementor-widget-container\"><div class=\"elementor-spacer\"><\/div><\/div><\/div>\t\t\t\t\t\t\t\t<\/div>\n\t\t\t\t\t<\/div>\n\t\t\t\t<\/div>\n\t\t<div class=\"elementor-element elementor-element-8b67a97 e-flex e-con-boxed e-con e-parent\" data-id=\"8b67a97\" data-element_type=\"container\" data-e-type=\"container\">\n\t\t\t\t\t<div class=\"e-con-inner\">\n\t\t\t\t<div class=\"elementor-element elementor-element-a6a4eee elementor-widget elementor-widget-heading\" data-id=\"a6a4eee\" data-element_type=\"widget\" data-e-type=\"widget\" data-widget_type=\"heading.default\">\n\t\t\t\t\t<h5 class=\"elementor-heading-title elementor-size-default\">Los derechos que tiene sobre sus datos<\/h5>\t\t\t\t<\/div>\n\t\t\t\t<div class=\"elementor-element elementor-element-6852be8 elementor-widget elementor-widget-text-editor\" data-id=\"6852be8\" data-element_type=\"widget\" data-e-type=\"widget\" data-widget_type=\"text-editor.default\">\n\t\t\t\t\t\t\t\t\t<div class=\"elementor-element elementor-element-7a5c89c3 elementor-widget elementor-widget-text-editor\" data-id=\"7a5c89c3\" data-element_type=\"widget\" data-widget_type=\"text-editor.default\"><div class=\"elementor-widget-container\"><p><span>Si ha dejado comentarios en este sitio web, puede solicitar recibir un archivo de exportaci\u00f3n con los datos personales almacenados sobre usted, incluidos los datos personales que haya especificado. Tambi\u00e9n puede solicitar que se eliminen los datos guardados. Esto no incluye los datos personales que deban conservarse con fines administrativos, legales o de seguridad.<\/span><\/p><p><span lang=\"EN-US\">Si tiene alguna pregunta sobre nuestra pol\u00edtica de privacidad o desea cambiar, actualizar o eliminar cualquier dato personal, env\u00ede un correo electr\u00f3nico a <a href=\"mailto:info@duomoflorence-tickets.com\">info@duomoflorence-tickets.com<\/a><\/span><span lang=\"EN-US\">.<\/span><\/p><\/div><\/div><div class=\"elementor-element elementor-element-697b3769 elementor-widget elementor-widget-spacer\" data-id=\"697b3769\" data-element_type=\"widget\" data-widget_type=\"spacer.default\"><div class=\"elementor-widget-container\"><div class=\"elementor-spacer\"><\/div><\/div><\/div>\t\t\t\t\t\t\t\t<\/div>\n\t\t\t\t\t<\/div>\n\t\t\t\t<\/div>\n\t\t<div class=\"elementor-element elementor-element-6aad7b1 e-flex e-con-boxed e-con e-parent\" data-id=\"6aad7b1\" data-element_type=\"container\" data-e-type=\"container\">\n\t\t\t\t\t<div class=\"e-con-inner\">\n\t\t\t\t<div class=\"elementor-element elementor-element-0d4f81d elementor-widget elementor-widget-heading\" data-id=\"0d4f81d\" data-element_type=\"widget\" data-e-type=\"widget\" data-widget_type=\"heading.default\">\n\t\t\t\t\t<h5 class=\"elementor-heading-title elementor-size-default\">Condiciones generales<\/h5>\t\t\t\t<\/div>\n\t\t\t\t<div class=\"elementor-element elementor-element-ea90491 elementor-widget elementor-widget-text-editor\" data-id=\"ea90491\" data-element_type=\"widget\" data-e-type=\"widget\" data-widget_type=\"text-editor.default\">\n\t\t\t\t\t\t\t\t\t<p><span>Si tiene alguna duda sobre las condiciones generales de uso de este sitio web, consulte nuestro\u00a0<\/span><a href=\"https:\/\/duomoflorence-tickets.com\/es\/clausula-de-exencion-de-responsabilidad-y-condiciones\/\" target=\"_blank\" rel=\"noopener\">Cl\u00e1usula de exenci\u00f3n de responsabilidad y condiciones generales<\/a><span>\u00a0p\u00e1gina.<\/span><\/p>\t\t\t\t\t\t\t\t<\/div>\n\t\t\t\t\t<\/div>\n\t\t\t\t<\/div>\n\t\t\t\t<\/div>","protected":false},"excerpt":{"rendered":"<p>Privacy &amp; Cookies Policy Your privacy is important. It is the Privacy &amp; Cookies Policy of the www.duomoflorence-tickets.com website to respect your privacy in relation to any information that may be collected on the website. Personal information is requested only when it is really necessary to provide you with a [&hellip;]<\/p>\n","protected":false},"author":1,"featured_media":0,"parent":0,"menu_order":0,"comment_status":"closed","ping_status":"closed","template":"page-templates\/template-pagebuilder-full-width.php","meta":{"footnotes":""},"class_list":["post-469","page","type-page","status-publish","hentry"],"yoast_head":"<!-- This site is optimized with the Yoast SEO plugin v27.4 - https:\/\/yoast.com\/product\/yoast-seo-wordpress\/ -->\n<title>Privacy &amp; Cookies Policy<\/title>\n<meta name=\"description\" content=\"Please check here the complete Privacy &amp; Cookies Policy of this website in relation to any information that may be collected.\" \/>\n<meta name=\"robots\" content=\"index, follow, max-snippet:-1, max-image-preview:large, max-video-preview:-1\" \/>\n<link rel=\"canonical\" href=\"https:\/\/duomoflorence-tickets.com\/es\/privacidad-politica-de-cookies\/\" \/>\n<meta property=\"og:locale\" content=\"es_ES\" \/>\n<meta property=\"og:type\" content=\"article\" \/>\n<meta property=\"og:title\" content=\"Privacy &amp; Cookies Policy\" \/>\n<meta property=\"og:description\" content=\"Please check here the complete Privacy &amp; Cookies Policy of this website in relation to any information that may be collected.\" \/>\n<meta property=\"og:url\" content=\"https:\/\/duomoflorence-tickets.com\/es\/privacidad-politica-de-cookies\/\" \/>\n<meta property=\"og:site_name\" content=\"Duomo Florence Tickets\" \/>\n<meta property=\"article:modified_time\" content=\"2025-11-26T15:57:13+00:00\" \/>\n<meta name=\"twitter:card\" content=\"summary_large_image\" \/>\n<meta name=\"twitter:label1\" content=\"Tiempo de lectura\" \/>\n\t<meta name=\"twitter:data1\" content=\"2 minutos\" \/>\n<script type=\"application\/ld+json\" class=\"yoast-schema-graph\">{\"@context\":\"https:\\\/\\\/schema.org\",\"@graph\":[{\"@type\":\"WebPage\",\"@id\":\"https:\\\/\\\/duomoflorence-tickets.com\\\/privacy-cookies-policy\\\/\",\"url\":\"https:\\\/\\\/duomoflorence-tickets.com\\\/privacy-cookies-policy\\\/\",\"name\":\"Privacy & Cookies Policy\",\"isPartOf\":{\"@id\":\"https:\\\/\\\/duomoflorence-tickets.com\\\/#website\"},\"datePublished\":\"2025-11-26T15:32:09+00:00\",\"dateModified\":\"2025-11-26T15:57:13+00:00\",\"description\":\"Please check here the complete Privacy & Cookies Policy of this website in relation to any information that may be collected.\",\"breadcrumb\":{\"@id\":\"https:\\\/\\\/duomoflorence-tickets.com\\\/privacy-cookies-policy\\\/#breadcrumb\"},\"inLanguage\":\"es\",\"potentialAction\":[{\"@type\":\"ReadAction\",\"target\":[\"https:\\\/\\\/duomoflorence-tickets.com\\\/privacy-cookies-policy\\\/\"]}]},{\"@type\":\"BreadcrumbList\",\"@id\":\"https:\\\/\\\/duomoflorence-tickets.com\\\/privacy-cookies-policy\\\/#breadcrumb\",\"itemListElement\":[{\"@type\":\"ListItem\",\"position\":1,\"name\":\"Home\",\"item\":\"https:\\\/\\\/duomoflorence-tickets.com\\\/\"},{\"@type\":\"ListItem\",\"position\":2,\"name\":\"Privacy &amp; Cookies Policy\"}]},{\"@type\":\"WebSite\",\"@id\":\"https:\\\/\\\/duomoflorence-tickets.com\\\/#website\",\"url\":\"https:\\\/\\\/duomoflorence-tickets.com\\\/\",\"name\":\"Duomo Florence Tickets\",\"description\":\"\",\"publisher\":{\"@id\":\"https:\\\/\\\/duomoflorence-tickets.com\\\/#organization\"},\"potentialAction\":[{\"@type\":\"SearchAction\",\"target\":{\"@type\":\"EntryPoint\",\"urlTemplate\":\"https:\\\/\\\/duomoflorence-tickets.com\\\/?s={search_term_string}\"},\"query-input\":{\"@type\":\"PropertyValueSpecification\",\"valueRequired\":true,\"valueName\":\"search_term_string\"}}],\"inLanguage\":\"es\"},{\"@type\":\"Organization\",\"@id\":\"https:\\\/\\\/duomoflorence-tickets.com\\\/#organization\",\"name\":\"Duomo Florence Tickets\",\"url\":\"https:\\\/\\\/duomoflorence-tickets.com\\\/\",\"logo\":{\"@type\":\"ImageObject\",\"inLanguage\":\"es\",\"@id\":\"https:\\\/\\\/duomoflorence-tickets.com\\\/#\\\/schema\\\/logo\\\/image\\\/\",\"url\":\"https:\\\/\\\/duomoflorence-tickets.com\\\/wp-content\\\/uploads\\\/2025\\\/11\\\/Duomo-Florence-Tickets-Logo.webp\",\"contentUrl\":\"https:\\\/\\\/duomoflorence-tickets.com\\\/wp-content\\\/uploads\\\/2025\\\/11\\\/Duomo-Florence-Tickets-Logo.webp\",\"width\":500,\"height\":500,\"caption\":\"Duomo Florence Tickets\"},\"image\":{\"@id\":\"https:\\\/\\\/duomoflorence-tickets.com\\\/#\\\/schema\\\/logo\\\/image\\\/\"}}]}<\/script>\n<!-- \/ Yoast SEO plugin. -->","yoast_head_json":{"title":"Pol\u00edtica de privacidad y cookies","description":"Consulte aqu\u00ed la Pol\u00edtica de Privacidad y Cookies completa de este sitio web en relaci\u00f3n con cualquier informaci\u00f3n que pueda recopilarse.","robots":{"index":"index","follow":"follow","max-snippet":"max-snippet:-1","max-image-preview":"max-image-preview:large","max-video-preview":"max-video-preview:-1"},"canonical":"https:\/\/duomoflorence-tickets.com\/es\/privacidad-politica-de-cookies\/","og_locale":"es_ES","og_type":"article","og_title":"Privacy & Cookies Policy","og_description":"Please check here the complete Privacy & Cookies Policy of this website in relation to any information that may be collected.","og_url":"https:\/\/duomoflorence-tickets.com\/es\/privacidad-politica-de-cookies\/","og_site_name":"Duomo Florence Tickets","article_modified_time":"2025-11-26T15:57:13+00:00","twitter_card":"summary_large_image","twitter_misc":{"Tiempo de lectura":"2 minutos"},"schema":{"@context":"https:\/\/schema.org","@graph":[{"@type":"WebPage","@id":"https:\/\/duomoflorence-tickets.com\/privacy-cookies-policy\/","url":"https:\/\/duomoflorence-tickets.com\/privacy-cookies-policy\/","name":"Pol\u00edtica de privacidad y cookies","isPartOf":{"@id":"https:\/\/duomoflorence-tickets.com\/#website"},"datePublished":"2025-11-26T15:32:09+00:00","dateModified":"2025-11-26T15:57:13+00:00","description":"Consulte aqu\u00ed la Pol\u00edtica de Privacidad y Cookies completa de este sitio web en relaci\u00f3n con cualquier informaci\u00f3n que pueda recopilarse.","breadcrumb":{"@id":"https:\/\/duomoflorence-tickets.com\/privacy-cookies-policy\/#breadcrumb"},"inLanguage":"es","potentialAction":[{"@type":"ReadAction","target":["https:\/\/duomoflorence-tickets.com\/privacy-cookies-policy\/"]}]},{"@type":"BreadcrumbList","@id":"https:\/\/duomoflorence-tickets.com\/privacy-cookies-policy\/#breadcrumb","itemListElement":[{"@type":"ListItem","position":1,"name":"Home","item":"https:\/\/duomoflorence-tickets.com\/"},{"@type":"ListItem","position":2,"name":"Privacy &amp; Cookies Policy"}]},{"@type":"WebSite","@id":"https:\/\/duomoflorence-tickets.com\/#website","url":"https:\/\/duomoflorence-tickets.com\/","name":"Entradas Duomo Florencia","description":"","publisher":{"@id":"https:\/\/duomoflorence-tickets.com\/#organization"},"potentialAction":[{"@type":"SearchAction","target":{"@type":"EntryPoint","urlTemplate":"https:\/\/duomoflorence-tickets.com\/?s={search_term_string}"},"query-input":{"@type":"PropertyValueSpecification","valueRequired":true,"valueName":"search_term_string"}}],"inLanguage":"es"},{"@type":"Organization","@id":"https:\/\/duomoflorence-tickets.com\/#organization","name":"Entradas Duomo Florencia","url":"https:\/\/duomoflorence-tickets.com\/","logo":{"@type":"ImageObject","inLanguage":"es","@id":"https:\/\/duomoflorence-tickets.com\/#\/schema\/logo\/image\/","url":"https:\/\/duomoflorence-tickets.com\/wp-content\/uploads\/2025\/11\/Duomo-Florence-Tickets-Logo.webp","contentUrl":"https:\/\/duomoflorence-tickets.com\/wp-content\/uploads\/2025\/11\/Duomo-Florence-Tickets-Logo.webp","width":500,"height":500,"caption":"Duomo Florence Tickets"},"image":{"@id":"https:\/\/duomoflorence-tickets.com\/#\/schema\/logo\/image\/"}}]}},"_links":{"self":[{"href":"https:\/\/duomoflorence-tickets.com\/es\/wp-json\/wp\/v2\/pages\/469","targetHints":{"allow":["GET"]}}],"collection":[{"href":"https:\/\/duomoflorence-tickets.com\/es\/wp-json\/wp\/v2\/pages"}],"about":[{"href":"https:\/\/duomoflorence-tickets.com\/es\/wp-json\/wp\/v2\/types\/page"}],"author":[{"embeddable":true,"href":"https:\/\/duomoflorence-tickets.com\/es\/wp-json\/wp\/v2\/users\/1"}],"replies":[{"embeddable":true,"href":"https:\/\/duomoflorence-tickets.com\/es\/wp-json\/wp\/v2\/comments?post=469"}],"version-history":[{"count":0,"href":"https:\/\/duomoflorence-tickets.com\/es\/wp-json\/wp\/v2\/pages\/469\/revisions"}],"wp:attachment":[{"href":"https:\/\/duomoflorence-tickets.com\/es\/wp-json\/wp\/v2\/media?parent=469"}],"curies":[{"name":"wp","href":"https:\/\/api.w.org\/{rel}","templated":true}]}}