{"id":469,"date":"2025-11-26T15:32:09","date_gmt":"2025-11-26T15:32:09","guid":{"rendered":"https:\/\/duomoflorence-tickets.com\/?page_id=469"},"modified":"2025-11-26T15:57:13","modified_gmt":"2025-11-26T15:57:13","slug":"datenschutz-cookie-politik","status":"publish","type":"page","link":"https:\/\/duomoflorence-tickets.com\/de\/privacy-cookies-policy\/","title":{"rendered":"Datenschutz &amp; Cookies Politik"},"content":{"rendered":"<div data-elementor-type=\"wp-page\" data-elementor-id=\"469\" class=\"elementor elementor-469\">\n\t\t\t\t<div class=\"elementor-element elementor-element-f47487b e-flex e-con-boxed e-con e-parent\" data-id=\"f47487b\" data-element_type=\"container\" data-e-type=\"container\" data-settings=\"{&quot;background_background&quot;:&quot;classic&quot;}\">\n\t\t\t\t\t<div class=\"e-con-inner\">\n\t\t\t\t<div class=\"elementor-element elementor-element-c16a721 elementor-widget elementor-widget-heading\" data-id=\"c16a721\" data-element_type=\"widget\" data-e-type=\"widget\" data-widget_type=\"heading.default\">\n\t\t\t\t\t<h2 class=\"elementor-heading-title elementor-size-default\">Datenschutz &amp; Cookies Politik<\/h2>\t\t\t\t<\/div>\n\t\t\t\t\t<\/div>\n\t\t\t\t<\/div>\n\t\t<div class=\"elementor-element elementor-element-33bbcef e-flex e-con-boxed e-con e-parent\" data-id=\"33bbcef\" data-element_type=\"container\" data-e-type=\"container\">\n\t\t\t\t\t<div class=\"e-con-inner\">\n\t\t\t\t<div class=\"elementor-element elementor-element-1a2bd92 elementor-widget elementor-widget-text-editor\" data-id=\"1a2bd92\" data-element_type=\"widget\" data-e-type=\"widget\" data-widget_type=\"text-editor.default\">\n\t\t\t\t\t\t\t\t\t<div class=\"elementor-element elementor-element-60be2500 elementor-widget elementor-widget-text-editor\" data-id=\"60be2500\" data-element_type=\"widget\" data-widget_type=\"text-editor.default\"><div class=\"elementor-widget-container\"><div><p class=\"has-text-align-justify\">Ihre Privatsph\u00e4re ist wichtig. Die Datenschutz- und Cookie-Politik der Website www.duomoflorence-tickets.com respektiert Ihre Privatsph\u00e4re in Bezug auf alle Informationen, die auf der Website gesammelt werden k\u00f6nnen.<\/p><\/div><div><p class=\"has-text-align-justify\">Pers\u00f6nliche Informationen werden nur dann angefordert, wenn sie wirklich notwendig sind, um Ihnen eine Dienstleistung zu erbringen. Diese Anforderung erfolgt auf faire und legale Weise, mit Ihrem Wissen und Ihrer Zustimmung. Wir teilen Ihnen auch mit, warum diese Informationen gesammelt werden und wie sie verwendet werden.<\/p><\/div><div><p class=\"has-text-align-justify\">Die gesammelten Informationen werden nur so lange aufbewahrt, wie es f\u00fcr die Erbringung der gew\u00fcnschten Dienstleistung erforderlich ist. Wenn Daten gespeichert werden, werden sie mit kommerziell akzeptablen Mitteln gesch\u00fctzt, um Verlust und Diebstahl sowie unbefugten Zugriff, Offenlegung, Kopieren, Verwendung oder \u00c4nderung zu verhindern.<\/p><\/div><div><p class=\"has-text-align-justify\">Pers\u00f6nlich identifizierbare Informationen werden nicht \u00f6ffentlich oder an Dritte weitergegeben, es sei denn, dies ist gesetzlich vorgeschrieben.<\/p><\/div><div><p class=\"has-text-align-justify\">Diese Website kann Links zu externen Websites enthalten, die nicht von uns betrieben werden. Bitte beachten Sie, dass die Website www.duomoflorence-tickets.com keine Kontrolle \u00fcber den Inhalt und die Praktiken dieser Websites hat und keine Verantwortung f\u00fcr deren Datenschutzrichtlinien \u00fcbernehmen kann.<\/p><\/div><div><p class=\"has-text-align-justify\">Es steht dem Nutzer frei, die Angabe der angeforderten pers\u00f6nlichen Daten zu verweigern, wobei er sich dar\u00fcber im Klaren ist, dass einige der gew\u00fcnschten Dienstleistungen m\u00f6glicherweise nicht erbracht werden k\u00f6nnen.<\/p><\/div><div><p class=\"has-text-align-justify\">Die fortgesetzte Nutzung dieser Website gilt als Zustimmung zu den Praktiken im Zusammenhang mit dem Datenschutz und pers\u00f6nlichen Daten. Wenn Sie Fragen dazu haben, wie Nutzerdaten und pers\u00f6nliche Informationen verwaltet werden, oder zu unserer Datenschutzpolitik im Allgemeinen, wenden Sie sich bitte an<span class=\"apple-converted-space\">\u00a0<\/span>kontaktieren Sie uns unter\u00a0<a href=\"mailto:info@duomoflorence-tickets.com\">info@duomoflorence-tickets.com<\/a>.<\/p><\/div><\/div><\/div><div class=\"elementor-element elementor-element-355b9a8c elementor-widget elementor-widget-spacer\" data-id=\"355b9a8c\" data-element_type=\"widget\" data-widget_type=\"spacer.default\"><div class=\"elementor-widget-container\"><div class=\"elementor-spacer\">\u00a0<\/div><\/div><\/div>\t\t\t\t\t\t\t\t<\/div>\n\t\t\t\t\t<\/div>\n\t\t\t\t<\/div>\n\t\t<div class=\"elementor-element elementor-element-6d20738 e-flex e-con-boxed e-con e-parent\" data-id=\"6d20738\" data-element_type=\"container\" data-e-type=\"container\">\n\t\t\t\t\t<div class=\"e-con-inner\">\n\t\t\t\t<div class=\"elementor-element elementor-element-df5cc4f elementor-widget elementor-widget-heading\" data-id=\"df5cc4f\" data-element_type=\"widget\" data-e-type=\"widget\" data-widget_type=\"heading.default\">\n\t\t\t\t\t<h5 class=\"elementor-heading-title elementor-size-default\">Welche pers\u00f6nlichen Daten werden gesammelt und warum?<\/h5>\t\t\t\t<\/div>\n\t\t\t\t<div class=\"elementor-element elementor-element-44dfdde elementor-widget elementor-widget-text-editor\" data-id=\"44dfdde\" data-element_type=\"widget\" data-e-type=\"widget\" data-widget_type=\"text-editor.default\">\n\t\t\t\t\t\t\t\t\t<div class=\"elementor-element elementor-element-7a5c89c3 elementor-widget elementor-widget-text-editor\" data-id=\"7a5c89c3\" data-element_type=\"widget\" data-widget_type=\"text-editor.default\"><div class=\"elementor-widget-container\"><p><span>Personenbezogene Daten werden nicht nur durch die Interaktion der Nutzer mit der Website erzeugt. Personenbezogene Daten werden durch technische Prozesse wie Kontaktformulare, Kommentare, Cookies, analytische Daten und die Einbindung von Dritten erzeugt.<\/span><\/p><\/div><\/div><div class=\"elementor-element elementor-element-697b3769 elementor-widget elementor-widget-spacer\" data-id=\"697b3769\" data-element_type=\"widget\" data-widget_type=\"spacer.default\"><div class=\"elementor-widget-container\"><div class=\"elementor-spacer\"><\/div><\/div><\/div>\t\t\t\t\t\t\t\t<\/div>\n\t\t\t\t\t<\/div>\n\t\t\t\t<\/div>\n\t\t<div class=\"elementor-element elementor-element-0278f2f e-flex e-con-boxed e-con e-parent\" data-id=\"0278f2f\" data-element_type=\"container\" data-e-type=\"container\">\n\t\t\t\t\t<div class=\"e-con-inner\">\n\t\t\t\t<div class=\"elementor-element elementor-element-175ec25 elementor-widget elementor-widget-heading\" data-id=\"175ec25\" data-element_type=\"widget\" data-e-type=\"widget\" data-widget_type=\"heading.default\">\n\t\t\t\t\t<h5 class=\"elementor-heading-title elementor-size-default\">Cookies-Politik\n<\/h5>\t\t\t\t<\/div>\n\t\t\t\t<div class=\"elementor-element elementor-element-db5e712 elementor-widget elementor-widget-html\" data-id=\"db5e712\" data-element_type=\"widget\" data-e-type=\"widget\" data-widget_type=\"html.default\">\n\t\t\t\t\t<script id=\"CookieDeclaration\" src=\"https:\/\/consent.cookiebot.com\/1fad23ec-1892-42a6-b26f-737fe6bd9599\/cd.js\" type=\"text\/javascript\" async><\/script>\t\t\t\t<\/div>\n\t\t\t\t\t<\/div>\n\t\t\t\t<\/div>\n\t\t<div class=\"elementor-element elementor-element-c7cd17f e-flex e-con-boxed e-con e-parent\" data-id=\"c7cd17f\" data-element_type=\"container\" data-e-type=\"container\">\n\t\t\t\t\t<div class=\"e-con-inner\">\n\t\t\t\t<div class=\"elementor-element elementor-element-f8f55fb elementor-widget elementor-widget-heading\" data-id=\"f8f55fb\" data-element_type=\"widget\" data-e-type=\"widget\" data-widget_type=\"heading.default\">\n\t\t\t\t\t<h5 class=\"elementor-heading-title elementor-size-default\">Eingebettete Inhalte von anderen Websites<\/h5>\t\t\t\t<\/div>\n\t\t\t\t<div class=\"elementor-element elementor-element-f126a59 elementor-widget elementor-widget-text-editor\" data-id=\"f126a59\" data-element_type=\"widget\" data-e-type=\"widget\" data-widget_type=\"text-editor.default\">\n\t\t\t\t\t\t\t\t\t<div class=\"elementor-element elementor-element-7a5c89c3 elementor-widget elementor-widget-text-editor\" data-id=\"7a5c89c3\" data-element_type=\"widget\" data-widget_type=\"text-editor.default\"><div class=\"elementor-widget-container\"><ul><li>Diese Website kann eingebettete Inhalte enthalten (z. B. Videos, Bilder, Artikel usw.). Die eingebetteten Inhalte von anderen Websites verhalten sich so, als ob der Benutzer diese Websites besuchen w\u00fcrde<span style=\"color: var( --e-global-color-text ); font-family: var( --e-global-typography-text-font-family ), Sans-serif;\">.<\/span><\/li><\/ul><\/div><\/div><div class=\"elementor-element elementor-element-697b3769 elementor-widget elementor-widget-spacer\" data-id=\"697b3769\" data-element_type=\"widget\" data-widget_type=\"spacer.default\"><div class=\"elementor-widget-container\"><div class=\"elementor-spacer\"><\/div><\/div><\/div>\t\t\t\t\t\t\t\t<\/div>\n\t\t\t\t\t<\/div>\n\t\t\t\t<\/div>\n\t\t<div class=\"elementor-element elementor-element-8b67a97 e-flex e-con-boxed e-con e-parent\" data-id=\"8b67a97\" data-element_type=\"container\" data-e-type=\"container\">\n\t\t\t\t\t<div class=\"e-con-inner\">\n\t\t\t\t<div class=\"elementor-element elementor-element-a6a4eee elementor-widget elementor-widget-heading\" data-id=\"a6a4eee\" data-element_type=\"widget\" data-e-type=\"widget\" data-widget_type=\"heading.default\">\n\t\t\t\t\t<h5 class=\"elementor-heading-title elementor-size-default\">Die Rechte, die Sie \u00fcber Ihre Daten haben<\/h5>\t\t\t\t<\/div>\n\t\t\t\t<div class=\"elementor-element elementor-element-6852be8 elementor-widget elementor-widget-text-editor\" data-id=\"6852be8\" data-element_type=\"widget\" data-e-type=\"widget\" data-widget_type=\"text-editor.default\">\n\t\t\t\t\t\t\t\t\t<div class=\"elementor-element elementor-element-7a5c89c3 elementor-widget elementor-widget-text-editor\" data-id=\"7a5c89c3\" data-element_type=\"widget\" data-widget_type=\"text-editor.default\"><div class=\"elementor-widget-container\"><p><span>Wenn Sie auf dieser Website Kommentare hinterlassen haben, k\u00f6nnen Sie eine Exportdatei mit den \u00fcber Sie gespeicherten personenbezogenen Daten anfordern, einschlie\u00dflich der von Ihnen angegebenen personenbezogenen Daten. Sie k\u00f6nnen auch beantragen, dass die gespeicherten Daten gel\u00f6scht werden. Davon ausgenommen sind personenbezogene Daten, die aus administrativen, rechtlichen oder sicherheitsrelevanten Gr\u00fcnden aufbewahrt werden m\u00fcssen.<\/span><\/p><p><span lang=\"EN-US\">Wenn Sie Fragen zu unserer Datenschutzpolitik haben oder pers\u00f6nliche Daten \u00e4ndern, aktualisieren oder entfernen m\u00f6chten, senden Sie eine E-Mail an <a href=\"mailto:info@duomoflorence-tickets.com\">info@duomoflorence-tickets.com<\/a><\/span><span lang=\"EN-US\">.<\/span><\/p><\/div><\/div><div class=\"elementor-element elementor-element-697b3769 elementor-widget elementor-widget-spacer\" data-id=\"697b3769\" data-element_type=\"widget\" data-widget_type=\"spacer.default\"><div class=\"elementor-widget-container\"><div class=\"elementor-spacer\"><\/div><\/div><\/div>\t\t\t\t\t\t\t\t<\/div>\n\t\t\t\t\t<\/div>\n\t\t\t\t<\/div>\n\t\t<div class=\"elementor-element elementor-element-6aad7b1 e-flex e-con-boxed e-con e-parent\" data-id=\"6aad7b1\" data-element_type=\"container\" data-e-type=\"container\">\n\t\t\t\t\t<div class=\"e-con-inner\">\n\t\t\t\t<div class=\"elementor-element elementor-element-0d4f81d elementor-widget elementor-widget-heading\" data-id=\"0d4f81d\" data-element_type=\"widget\" data-e-type=\"widget\" data-widget_type=\"heading.default\">\n\t\t\t\t\t<h5 class=\"elementor-heading-title elementor-size-default\">Bedingungen und Konditionen<\/h5>\t\t\t\t<\/div>\n\t\t\t\t<div class=\"elementor-element elementor-element-ea90491 elementor-widget elementor-widget-text-editor\" data-id=\"ea90491\" data-element_type=\"widget\" data-e-type=\"widget\" data-widget_type=\"text-editor.default\">\n\t\t\t\t\t\t\t\t\t<p><span>Wenn Sie Fragen zu den allgemeinen Gesch\u00e4ftsbedingungen f\u00fcr die Nutzung dieser Website haben, besuchen Sie unsere\u00a0<\/span><a href=\"https:\/\/duomoflorence-tickets.com\/de\/haftungsausschluss-und-bedingungen\/\" target=\"_blank\" rel=\"noopener\">Haftungsausschluss und Allgemeine Gesch\u00e4ftsbedingungen<\/a><span>\u00a0Seite.<\/span><\/p>\t\t\t\t\t\t\t\t<\/div>\n\t\t\t\t\t<\/div>\n\t\t\t\t<\/div>\n\t\t\t\t<\/div>","protected":false},"excerpt":{"rendered":"<p>Privacy &amp; Cookies Policy Your privacy is important. It is the Privacy &amp; Cookies Policy of the www.duomoflorence-tickets.com website to respect your privacy in relation to any information that may be collected on the website. Personal information is requested only when it is really necessary to provide you with a [&hellip;]<\/p>\n","protected":false},"author":1,"featured_media":0,"parent":0,"menu_order":0,"comment_status":"closed","ping_status":"closed","template":"page-templates\/template-pagebuilder-full-width.php","meta":{"footnotes":""},"class_list":["post-469","page","type-page","status-publish","hentry"],"yoast_head":"<!-- This site is optimized with the Yoast SEO plugin v27.4 - https:\/\/yoast.com\/product\/yoast-seo-wordpress\/ -->\n<title>Privacy &amp; Cookies Policy<\/title>\n<meta name=\"description\" content=\"Please check here the complete Privacy &amp; Cookies Policy of this website in relation to any information that may be collected.\" \/>\n<meta name=\"robots\" content=\"index, follow, max-snippet:-1, max-image-preview:large, max-video-preview:-1\" \/>\n<link rel=\"canonical\" href=\"https:\/\/duomoflorence-tickets.com\/de\/datenschutz-cookie-politik\/\" \/>\n<meta property=\"og:locale\" content=\"de_DE\" \/>\n<meta property=\"og:type\" content=\"article\" \/>\n<meta property=\"og:title\" content=\"Privacy &amp; Cookies Policy\" \/>\n<meta property=\"og:description\" content=\"Please check here the complete Privacy &amp; Cookies Policy of this website in relation to any information that may be collected.\" \/>\n<meta property=\"og:url\" content=\"https:\/\/duomoflorence-tickets.com\/de\/datenschutz-cookie-politik\/\" \/>\n<meta property=\"og:site_name\" content=\"Duomo Florence Tickets\" \/>\n<meta property=\"article:modified_time\" content=\"2025-11-26T15:57:13+00:00\" \/>\n<meta name=\"twitter:card\" content=\"summary_large_image\" \/>\n<meta name=\"twitter:label1\" content=\"Gesch\u00e4tzte Lesezeit\" \/>\n\t<meta name=\"twitter:data1\" content=\"2\u00a0Minuten\" \/>\n<script type=\"application\/ld+json\" class=\"yoast-schema-graph\">{\"@context\":\"https:\\\/\\\/schema.org\",\"@graph\":[{\"@type\":\"WebPage\",\"@id\":\"https:\\\/\\\/duomoflorence-tickets.com\\\/privacy-cookies-policy\\\/\",\"url\":\"https:\\\/\\\/duomoflorence-tickets.com\\\/privacy-cookies-policy\\\/\",\"name\":\"Privacy & Cookies Policy\",\"isPartOf\":{\"@id\":\"https:\\\/\\\/duomoflorence-tickets.com\\\/#website\"},\"datePublished\":\"2025-11-26T15:32:09+00:00\",\"dateModified\":\"2025-11-26T15:57:13+00:00\",\"description\":\"Please check here the complete Privacy & Cookies Policy of this website in relation to any information that may be collected.\",\"breadcrumb\":{\"@id\":\"https:\\\/\\\/duomoflorence-tickets.com\\\/privacy-cookies-policy\\\/#breadcrumb\"},\"inLanguage\":\"de\",\"potentialAction\":[{\"@type\":\"ReadAction\",\"target\":[\"https:\\\/\\\/duomoflorence-tickets.com\\\/privacy-cookies-policy\\\/\"]}]},{\"@type\":\"BreadcrumbList\",\"@id\":\"https:\\\/\\\/duomoflorence-tickets.com\\\/privacy-cookies-policy\\\/#breadcrumb\",\"itemListElement\":[{\"@type\":\"ListItem\",\"position\":1,\"name\":\"Home\",\"item\":\"https:\\\/\\\/duomoflorence-tickets.com\\\/\"},{\"@type\":\"ListItem\",\"position\":2,\"name\":\"Privacy &amp; Cookies Policy\"}]},{\"@type\":\"WebSite\",\"@id\":\"https:\\\/\\\/duomoflorence-tickets.com\\\/#website\",\"url\":\"https:\\\/\\\/duomoflorence-tickets.com\\\/\",\"name\":\"Duomo Florence Tickets\",\"description\":\"\",\"publisher\":{\"@id\":\"https:\\\/\\\/duomoflorence-tickets.com\\\/#organization\"},\"potentialAction\":[{\"@type\":\"SearchAction\",\"target\":{\"@type\":\"EntryPoint\",\"urlTemplate\":\"https:\\\/\\\/duomoflorence-tickets.com\\\/?s={search_term_string}\"},\"query-input\":{\"@type\":\"PropertyValueSpecification\",\"valueRequired\":true,\"valueName\":\"search_term_string\"}}],\"inLanguage\":\"de\"},{\"@type\":\"Organization\",\"@id\":\"https:\\\/\\\/duomoflorence-tickets.com\\\/#organization\",\"name\":\"Duomo Florence Tickets\",\"url\":\"https:\\\/\\\/duomoflorence-tickets.com\\\/\",\"logo\":{\"@type\":\"ImageObject\",\"inLanguage\":\"de\",\"@id\":\"https:\\\/\\\/duomoflorence-tickets.com\\\/#\\\/schema\\\/logo\\\/image\\\/\",\"url\":\"https:\\\/\\\/duomoflorence-tickets.com\\\/wp-content\\\/uploads\\\/2025\\\/11\\\/Duomo-Florence-Tickets-Logo.webp\",\"contentUrl\":\"https:\\\/\\\/duomoflorence-tickets.com\\\/wp-content\\\/uploads\\\/2025\\\/11\\\/Duomo-Florence-Tickets-Logo.webp\",\"width\":500,\"height\":500,\"caption\":\"Duomo Florence Tickets\"},\"image\":{\"@id\":\"https:\\\/\\\/duomoflorence-tickets.com\\\/#\\\/schema\\\/logo\\\/image\\\/\"}}]}<\/script>\n<!-- \/ Yoast SEO plugin. -->","yoast_head_json":{"title":"Datenschutz &amp; Cookies Politik","description":"Bitte lesen Sie hier die vollst\u00e4ndige Datenschutz- und Cookie-Richtlinie dieser Website in Bezug auf alle Informationen, die gesammelt werden k\u00f6nnen.","robots":{"index":"index","follow":"follow","max-snippet":"max-snippet:-1","max-image-preview":"max-image-preview:large","max-video-preview":"max-video-preview:-1"},"canonical":"https:\/\/duomoflorence-tickets.com\/de\/datenschutz-cookie-politik\/","og_locale":"de_DE","og_type":"article","og_title":"Privacy & Cookies Policy","og_description":"Please check here the complete Privacy & Cookies Policy of this website in relation to any information that may be collected.","og_url":"https:\/\/duomoflorence-tickets.com\/de\/datenschutz-cookie-politik\/","og_site_name":"Duomo Florence Tickets","article_modified_time":"2025-11-26T15:57:13+00:00","twitter_card":"summary_large_image","twitter_misc":{"Gesch\u00e4tzte Lesezeit":"2\u00a0Minuten"},"schema":{"@context":"https:\/\/schema.org","@graph":[{"@type":"WebPage","@id":"https:\/\/duomoflorence-tickets.com\/privacy-cookies-policy\/","url":"https:\/\/duomoflorence-tickets.com\/privacy-cookies-policy\/","name":"Datenschutz &amp; Cookies Politik","isPartOf":{"@id":"https:\/\/duomoflorence-tickets.com\/#website"},"datePublished":"2025-11-26T15:32:09+00:00","dateModified":"2025-11-26T15:57:13+00:00","description":"Bitte lesen Sie hier die vollst\u00e4ndige Datenschutz- und Cookie-Richtlinie dieser Website in Bezug auf alle Informationen, die gesammelt werden k\u00f6nnen.","breadcrumb":{"@id":"https:\/\/duomoflorence-tickets.com\/privacy-cookies-policy\/#breadcrumb"},"inLanguage":"de","potentialAction":[{"@type":"ReadAction","target":["https:\/\/duomoflorence-tickets.com\/privacy-cookies-policy\/"]}]},{"@type":"BreadcrumbList","@id":"https:\/\/duomoflorence-tickets.com\/privacy-cookies-policy\/#breadcrumb","itemListElement":[{"@type":"ListItem","position":1,"name":"Home","item":"https:\/\/duomoflorence-tickets.com\/"},{"@type":"ListItem","position":2,"name":"Privacy &amp; Cookies Policy"}]},{"@type":"WebSite","@id":"https:\/\/duomoflorence-tickets.com\/#website","url":"https:\/\/duomoflorence-tickets.com\/","name":"Duomo Florenz Tickets","description":"","publisher":{"@id":"https:\/\/duomoflorence-tickets.com\/#organization"},"potentialAction":[{"@type":"SearchAction","target":{"@type":"EntryPoint","urlTemplate":"https:\/\/duomoflorence-tickets.com\/?s={search_term_string}"},"query-input":{"@type":"PropertyValueSpecification","valueRequired":true,"valueName":"search_term_string"}}],"inLanguage":"de"},{"@type":"Organization","@id":"https:\/\/duomoflorence-tickets.com\/#organization","name":"Duomo Florenz Tickets","url":"https:\/\/duomoflorence-tickets.com\/","logo":{"@type":"ImageObject","inLanguage":"de","@id":"https:\/\/duomoflorence-tickets.com\/#\/schema\/logo\/image\/","url":"https:\/\/duomoflorence-tickets.com\/wp-content\/uploads\/2025\/11\/Duomo-Florence-Tickets-Logo.webp","contentUrl":"https:\/\/duomoflorence-tickets.com\/wp-content\/uploads\/2025\/11\/Duomo-Florence-Tickets-Logo.webp","width":500,"height":500,"caption":"Duomo Florence Tickets"},"image":{"@id":"https:\/\/duomoflorence-tickets.com\/#\/schema\/logo\/image\/"}}]}},"_links":{"self":[{"href":"https:\/\/duomoflorence-tickets.com\/de\/wp-json\/wp\/v2\/pages\/469","targetHints":{"allow":["GET"]}}],"collection":[{"href":"https:\/\/duomoflorence-tickets.com\/de\/wp-json\/wp\/v2\/pages"}],"about":[{"href":"https:\/\/duomoflorence-tickets.com\/de\/wp-json\/wp\/v2\/types\/page"}],"author":[{"embeddable":true,"href":"https:\/\/duomoflorence-tickets.com\/de\/wp-json\/wp\/v2\/users\/1"}],"replies":[{"embeddable":true,"href":"https:\/\/duomoflorence-tickets.com\/de\/wp-json\/wp\/v2\/comments?post=469"}],"version-history":[{"count":0,"href":"https:\/\/duomoflorence-tickets.com\/de\/wp-json\/wp\/v2\/pages\/469\/revisions"}],"wp:attachment":[{"href":"https:\/\/duomoflorence-tickets.com\/de\/wp-json\/wp\/v2\/media?parent=469"}],"curies":[{"name":"wp","href":"https:\/\/api.w.org\/{rel}","templated":true}]}}